{"id":464,"date":"2016-10-25T17:47:58","date_gmt":"2016-10-25T17:47:58","guid":{"rendered":"http:\/\/www.heid-canada.com\/fr\/?page_id=464"},"modified":"2016-10-25T18:51:58","modified_gmt":"2016-10-25T18:51:58","slug":"presentation-de-lentreprise","status":"publish","type":"page","link":"https:\/\/heid-canada.com\/fr\/presentation-de-lentreprise\/","title":{"rendered":"Pr\u00e9sentation de l&rsquo;entreprise"},"content":{"rendered":"<table style=\"width: 100%; margin-left: auto; margin-right: auto;\">\n<tbody>\n<tr>\n<td style=\"width: 25%; border: 0px; padding-top: 65px;\"><img decoding=\"async\" class=\"alignnone size-full wp-image-467\" src=\"http:\/\/heid-canada.com\/wp-content\/uploads\/2016\/10\/ASI-HEID-ABOUT-QUOTE-FR.png\" alt=\"asi-heid-about-quote-fr\" width=\"250\" height=\"250\" srcset=\"https:\/\/heid-canada.com\/wp-content\/uploads\/2016\/10\/ASI-HEID-ABOUT-QUOTE-FR.png 250w, https:\/\/heid-canada.com\/wp-content\/uploads\/2016\/10\/ASI-HEID-ABOUT-QUOTE-FR-150x150.png 150w\" sizes=\"(max-width: 250px) 100vw, 250px\" \/><\/td>\n<td style=\"width: 60%; border: 0px; text-align: left;\">\n<h1 style=\"text-align: right; color: #0a579a;\">Pr\u00e9sentation de l&rsquo;entreprise<\/h1>\n<p>HEID Canada Antriebstechnik est sp\u00e9cialis\u00e9e dans la production d&#8217;embrayages et freins, fabriqu\u00e9 dans une large gamme de mod\u00e8les, adapt\u00e9s \u00e0 nos clients ayant des besoins sp\u00e9cifiques. Avec un fort accent sur la conception sur mesure d\u2019embrayages et freins \u00e9lectromagn\u00e9tique, hydrauliques ou pneumatiques, nous sommes en mesure de r\u00e9pondre aux exigences de n\u2019importe quel type d&rsquo;application industrielle. Avec notre vaste r\u00e9seau de distribution nous appr\u00e9cions les relations d&rsquo;affaires tr\u00e8s r\u00e9ussies dans notre march\u00e9 local ainsi que dans de nombreux pays \u00e0 travers le monde.<\/p>\n<p>L&rsquo;entreprise est situ\u00e9e pr\u00e8s de Vienne, en Autriche, dans le m\u00eame endroit o\u00f9 Maschinenfabrik HEID AG a \u00e9t\u00e9 fond\u00e9e il ya plus de 130 ans. L\u2019\u00e9difice de 3000 m2 contient 3 salles d&rsquo;atelier pour la production m\u00e9canique, l&rsquo;assemblage et les essais, un entrep\u00f4t, un d\u00e9partement de exp\u00e9dition et 600 m2 de bureaux.<\/p>\n<p><img decoding=\"async\" class=\"alignnone\" style=\"box-shadow: 10px 10px 5px #888888; display: block; margin-left: auto; margin-right: auto;\" title=\"About HEID - Testing center of HEID Antriebstechnik in Stockerau, Austria\" src=\"http:\/\/heid-canada.com\/wp-content\/uploads\/2016\/05\/HEID-PAGE-IMAGE.jpg\" alt=\"About HEID - Testing center of HEID Antriebstechnik in Stockerau, Austria\" width=\"440\" height=\"249\" \/><\/p>\n<h3 style=\"text-align: middle; color: #0a579a; font-style: italic;\">\u00abLes installations de production modernes et les relations \u00e0 long terme avec des partenaires commerciaux puissants \u00e9taient en d\u00e9veloppement. Notre personnel bien form\u00e9 et sp\u00e9cialis\u00e9 assure la qualit\u00e9 \u00e9prouv\u00e9e de chaque produit HEID\u00bb<\/h3>\n<p>&nbsp;<\/p>\n<div style=\"text-align: center; border: 1px solid black; box-shadow: 4px 4px 2px #888888;\">\n<h2>T\u00e9l\u00e9charger notre catalogue <a href=\"http:\/\/heid-canada.com\/wp-content\/uploads\/2016\/06\/HEID-Catalog.zip\">ici <\/a><\/h2>\n<\/div>\n<\/td>\n<td style=\"width: 15%; border: 0px;\"><img decoding=\"async\" class=\"alignnone size-full wp-image-471\" src=\"http:\/\/heid-canada.com\/wp-content\/uploads\/2016\/10\/HEID-PAGE-SIDE.jpg\" alt=\"heid-page-side\" width=\"168\" height=\"724\" \/><\/td>\n<\/tr>\n<\/tbody>\n<\/table>\n","protected":false},"excerpt":{"rendered":"<p>Pr\u00e9sentation de l&rsquo;entreprise HEID Canada Antriebstechnik est sp\u00e9cialis\u00e9e dans la production d&#8217;embrayages et freins, fabriqu\u00e9 dans une large gamme de mod\u00e8les, adapt\u00e9s \u00e0 nos clients ayant des besoins sp\u00e9cifiques. Avec un fort accent sur la conception sur mesure d\u2019embrayages et freins \u00e9lectromagn\u00e9tique, hydrauliques ou pneumatiques, nous sommes en mesure de r\u00e9pondre aux exigences de n\u2019importe\u2026<\/p>\n","protected":false},"author":1,"featured_media":0,"parent":0,"menu_order":0,"comment_status":"closed","ping_status":"closed","template":"fullwidth.php","meta":{"footnotes":""},"yoast_head":"<!-- This site is optimized with the Yoast SEO plugin v21.6 - https:\/\/yoast.com\/wordpress\/plugins\/seo\/ -->\n<title>Pr\u00e9sentation de l&#039;entreprise -<\/title>\n<meta name=\"robots\" content=\"index, follow, max-snippet:-1, max-image-preview:large, max-video-preview:-1\" \/>\n<link rel=\"canonical\" href=\"https:\/\/heid-canada.com\/fr\/presentation-de-lentreprise\/\" \/>\n<meta property=\"og:locale\" content=\"fr_FR\" \/>\n<meta property=\"og:type\" content=\"article\" \/>\n<meta property=\"og:title\" content=\"Pr\u00e9sentation de l&#039;entreprise -\" \/>\n<meta property=\"og:description\" content=\"Pr\u00e9sentation de l&rsquo;entreprise HEID Canada Antriebstechnik est sp\u00e9cialis\u00e9e dans la production d&#8217;embrayages et freins, fabriqu\u00e9 dans une large gamme de mod\u00e8les, adapt\u00e9s \u00e0 nos clients ayant des besoins sp\u00e9cifiques. Avec un fort accent sur la conception sur mesure d\u2019embrayages et freins \u00e9lectromagn\u00e9tique, hydrauliques ou pneumatiques, nous sommes en mesure de r\u00e9pondre aux exigences de n\u2019importe\u2026\" \/>\n<meta property=\"og:url\" content=\"https:\/\/heid-canada.com\/fr\/presentation-de-lentreprise\/\" \/>\n<meta property=\"article:modified_time\" content=\"2016-10-25T18:51:58+00:00\" \/>\n<meta property=\"og:image\" content=\"http:\/\/heid-canada.com\/wp-content\/uploads\/2016\/10\/ASI-HEID-ABOUT-QUOTE-FR.png\" \/>\n<meta name=\"twitter:card\" content=\"summary_large_image\" \/>\n<meta name=\"twitter:label1\" content=\"Dur\u00e9e de lecture estim\u00e9e\" \/>\n\t<meta name=\"twitter:data1\" content=\"1 minute\" \/>\n<script type=\"application\/ld+json\" class=\"yoast-schema-graph\">{\"@context\":\"https:\/\/schema.org\",\"@graph\":[{\"@type\":\"WebPage\",\"@id\":\"https:\/\/heid-canada.com\/fr\/presentation-de-lentreprise\/\",\"url\":\"https:\/\/heid-canada.com\/fr\/presentation-de-lentreprise\/\",\"name\":\"Pr\u00e9sentation de l'entreprise -\",\"isPartOf\":{\"@id\":\"https:\/\/heid-canada.com\/fr\/#website\"},\"datePublished\":\"2016-10-25T17:47:58+00:00\",\"dateModified\":\"2016-10-25T18:51:58+00:00\",\"breadcrumb\":{\"@id\":\"https:\/\/heid-canada.com\/fr\/presentation-de-lentreprise\/#breadcrumb\"},\"inLanguage\":\"fr-FR\",\"potentialAction\":[{\"@type\":\"ReadAction\",\"target\":[\"https:\/\/heid-canada.com\/fr\/presentation-de-lentreprise\/\"]}]},{\"@type\":\"BreadcrumbList\",\"@id\":\"https:\/\/heid-canada.com\/fr\/presentation-de-lentreprise\/#breadcrumb\",\"itemListElement\":[{\"@type\":\"ListItem\",\"position\":1,\"name\":\"Home\",\"item\":\"https:\/\/heid-canada.com\/fr\/\"},{\"@type\":\"ListItem\",\"position\":2,\"name\":\"Pr\u00e9sentation de l&#8217;entreprise\"}]},{\"@type\":\"WebSite\",\"@id\":\"https:\/\/heid-canada.com\/fr\/#website\",\"url\":\"https:\/\/heid-canada.com\/fr\/\",\"name\":\"\",\"description\":\"Heid Canada - Embrayages et freins d'ing\u00e9nierie\",\"potentialAction\":[{\"@type\":\"SearchAction\",\"target\":{\"@type\":\"EntryPoint\",\"urlTemplate\":\"https:\/\/heid-canada.com\/fr\/?s={search_term_string}\"},\"query-input\":\"required name=search_term_string\"}],\"inLanguage\":\"fr-FR\"}]}<\/script>\n<!-- \/ Yoast SEO plugin. -->","yoast_head_json":{"title":"Pr\u00e9sentation de l'entreprise -","robots":{"index":"index","follow":"follow","max-snippet":"max-snippet:-1","max-image-preview":"max-image-preview:large","max-video-preview":"max-video-preview:-1"},"canonical":"https:\/\/heid-canada.com\/fr\/presentation-de-lentreprise\/","og_locale":"fr_FR","og_type":"article","og_title":"Pr\u00e9sentation de l'entreprise -","og_description":"Pr\u00e9sentation de l&rsquo;entreprise HEID Canada Antriebstechnik est sp\u00e9cialis\u00e9e dans la production d&#8217;embrayages et freins, fabriqu\u00e9 dans une large gamme de mod\u00e8les, adapt\u00e9s \u00e0 nos clients ayant des besoins sp\u00e9cifiques. Avec un fort accent sur la conception sur mesure d\u2019embrayages et freins \u00e9lectromagn\u00e9tique, hydrauliques ou pneumatiques, nous sommes en mesure de r\u00e9pondre aux exigences de n\u2019importe\u2026","og_url":"https:\/\/heid-canada.com\/fr\/presentation-de-lentreprise\/","article_modified_time":"2016-10-25T18:51:58+00:00","og_image":[{"url":"http:\/\/heid-canada.com\/wp-content\/uploads\/2016\/10\/ASI-HEID-ABOUT-QUOTE-FR.png"}],"twitter_card":"summary_large_image","twitter_misc":{"Dur\u00e9e de lecture estim\u00e9e":"1 minute"},"schema":{"@context":"https:\/\/schema.org","@graph":[{"@type":"WebPage","@id":"https:\/\/heid-canada.com\/fr\/presentation-de-lentreprise\/","url":"https:\/\/heid-canada.com\/fr\/presentation-de-lentreprise\/","name":"Pr\u00e9sentation de l'entreprise -","isPartOf":{"@id":"https:\/\/heid-canada.com\/fr\/#website"},"datePublished":"2016-10-25T17:47:58+00:00","dateModified":"2016-10-25T18:51:58+00:00","breadcrumb":{"@id":"https:\/\/heid-canada.com\/fr\/presentation-de-lentreprise\/#breadcrumb"},"inLanguage":"fr-FR","potentialAction":[{"@type":"ReadAction","target":["https:\/\/heid-canada.com\/fr\/presentation-de-lentreprise\/"]}]},{"@type":"BreadcrumbList","@id":"https:\/\/heid-canada.com\/fr\/presentation-de-lentreprise\/#breadcrumb","itemListElement":[{"@type":"ListItem","position":1,"name":"Home","item":"https:\/\/heid-canada.com\/fr\/"},{"@type":"ListItem","position":2,"name":"Pr\u00e9sentation de l&#8217;entreprise"}]},{"@type":"WebSite","@id":"https:\/\/heid-canada.com\/fr\/#website","url":"https:\/\/heid-canada.com\/fr\/","name":"","description":"Heid Canada - Embrayages et freins d'ing\u00e9nierie","potentialAction":[{"@type":"SearchAction","target":{"@type":"EntryPoint","urlTemplate":"https:\/\/heid-canada.com\/fr\/?s={search_term_string}"},"query-input":"required name=search_term_string"}],"inLanguage":"fr-FR"}]}},"_links":{"self":[{"href":"https:\/\/heid-canada.com\/fr\/wp-json\/wp\/v2\/pages\/464"}],"collection":[{"href":"https:\/\/heid-canada.com\/fr\/wp-json\/wp\/v2\/pages"}],"about":[{"href":"https:\/\/heid-canada.com\/fr\/wp-json\/wp\/v2\/types\/page"}],"author":[{"embeddable":true,"href":"https:\/\/heid-canada.com\/fr\/wp-json\/wp\/v2\/users\/1"}],"replies":[{"embeddable":true,"href":"https:\/\/heid-canada.com\/fr\/wp-json\/wp\/v2\/comments?post=464"}],"version-history":[{"count":8,"href":"https:\/\/heid-canada.com\/fr\/wp-json\/wp\/v2\/pages\/464\/revisions"}],"predecessor-version":[{"id":484,"href":"https:\/\/heid-canada.com\/fr\/wp-json\/wp\/v2\/pages\/464\/revisions\/484"}],"wp:attachment":[{"href":"https:\/\/heid-canada.com\/fr\/wp-json\/wp\/v2\/media?parent=464"}],"curies":[{"name":"wp","href":"https:\/\/api.w.org\/{rel}","templated":true}]}}