{"id":485,"date":"2016-10-25T18:56:17","date_gmt":"2016-10-25T18:56:17","guid":{"rendered":"http:\/\/www.heid-canada.com\/fr\/?page_id=485"},"modified":"2016-10-25T18:58:26","modified_gmt":"2016-10-25T18:58:26","slug":"marine","status":"publish","type":"page","link":"https:\/\/heid-canada.com\/fr\/marine\/","title":{"rendered":"Marine"},"content":{"rendered":"<table style=\"width: 100%; margin-left: auto; margin-right: auto;\">\n<tbody>\n<tr>\n<td style=\"width: 25%; border: 0px; padding-top: 65px;\"><img decoding=\"async\" class=\"alignnone size-full wp-image-487\" src=\"http:\/\/heid-canada.com\/wp-content\/uploads\/2016\/10\/ASI-HEID-MARINE-QUOTE-FR.png\" alt=\"asi-heid-marine-quote-fr\" width=\"250\" height=\"250\" srcset=\"https:\/\/heid-canada.com\/wp-content\/uploads\/2016\/10\/ASI-HEID-MARINE-QUOTE-FR.png 250w, https:\/\/heid-canada.com\/wp-content\/uploads\/2016\/10\/ASI-HEID-MARINE-QUOTE-FR-150x150.png 150w\" sizes=\"(max-width: 250px) 100vw, 250px\" \/><\/td>\n<td style=\"width: 60%; border: 0px; text-align: left;\">\n<h1 style=\"text-align: right; color: #0a579a;\">Marine<\/h1>\n<p>HEID Antriebstechnik fourni les embrayages \u00e0 disques \u00e9lectromagn\u00e9tiques avec des traitements de surface hautement r\u00e9sistantes pour la marine Australienne, d\u00e9fiant m\u00eame les environnements d&rsquo;eau sal\u00e9e les plus agressifs. La soci\u00e9t\u00e9 suisse \u00ab\u00a0Planet Solar\u00a0\u00bb d\u00e9velopp\u00e9 un bateau men\u00e9 uniquement par l&rsquo;\u00e9nergie solaire, qui a \u00e9t\u00e9 utilis\u00e9 pour transporter un \u00e9quipage courageux dans le monde entier. Ce projet a \u00e9t\u00e9 accr\u00e9dit\u00e9 par de nombreux comit\u00e9s et a battu plusieurs records mondiaux. Le positionnement des panneaux solaires est soutenu par embrayage \u00e9lectromagn\u00e9tique \u00e0 dents de HEID, de notre s\u00e9rie FZVAM.<\/p>\n<p>Les navires de cargos le plus grands au monde qui transportent jusqu&rsquo;\u00e0 20,000 conteneurs sont \u00e9quip\u00e9s d\u2019embrayage de surcharge HEID type RLOS pour leurs treuils d\u2019ancrage et d&rsquo;amarrage.<\/p>\n<p><img decoding=\"async\" class=\"alignnone\" style=\"box-shadow: 10px 10px 5px #888888; display: block; margin-left: auto; margin-right: auto;\" title=\"Heid Marine Clutch and Brake Solutions. The world\u2019s biggest car\u00adgo ships carrying up to 20,000 containers are equiped with HEID over\u00adload clutches type RLOS for their anchor and mooring winches.\" src=\"http:\/\/heid-canada.com\/wp-content\/uploads\/2016\/05\/HEID-MARINE-PAGE-IMAGE.jpg\" alt=\"Heid Marine Clutch and Brake Solutions. The world\u2019s biggest car\u00adgo ships carrying up to 20,000 containers are equiped with HEID over\u00adload clutches type RLOS for their anchor and mooring winches.\" width=\"441\" height=\"247\" \/><\/p>\n<h3 style=\"text-align: middle; color: #0a579a; font-style: italic;\">\u00abLes embrayages \u00e0 disques HEID de type \u00e9lectromagn\u00e9tique FMV combin\u00e9 avec un accouplement flexible sont utilis\u00e9s pour connecter les moteurs diesel avec l&rsquo;\u00e9quipement auxiliaire.\u00bb<\/h3>\n<p>&nbsp;<\/p>\n<div style=\"text-align: center; border: 1px solid black; box-shadow: 4px 4px 2px #888888;\">\n<h3>T\u00e9l\u00e9charger notre catalogue <a href=\"http:\/\/heid-canada.com\/wp-content\/uploads\/2016\/06\/HEID-Catalog.zip\">ici <\/a><\/h3>\n<\/div>\n<\/td>\n<td style=\"width: 15%; border: 0px;\"><img decoding=\"async\" class=\"alignnone\" title=\"\u201cPlanet Solar\u201d, Swiss Project\" src=\"http:\/\/heid-canada.com\/wp-content\/uploads\/2016\/05\/HEID-MARINE-SIDE.jpg\" alt=\"\u201cPlanet Solar\u201d, Swiss Project\" width=\"167\" height=\"794\" \/><\/td>\n<\/tr>\n<\/tbody>\n<\/table>\n","protected":false},"excerpt":{"rendered":"<p>Marine HEID Antriebstechnik fourni les embrayages \u00e0 disques \u00e9lectromagn\u00e9tiques avec des traitements de surface hautement r\u00e9sistantes pour la marine Australienne, d\u00e9fiant m\u00eame les environnements d&rsquo;eau sal\u00e9e les plus agressifs. La soci\u00e9t\u00e9 suisse \u00ab\u00a0Planet Solar\u00a0\u00bb d\u00e9velopp\u00e9 un bateau men\u00e9 uniquement par l&rsquo;\u00e9nergie solaire, qui a \u00e9t\u00e9 utilis\u00e9 pour transporter un \u00e9quipage courageux dans le monde entier.\u2026<\/p>\n","protected":false},"author":1,"featured_media":0,"parent":0,"menu_order":0,"comment_status":"closed","ping_status":"closed","template":"fullwidth.php","meta":{"footnotes":""},"yoast_head":"<!-- This site is optimized with the Yoast SEO plugin v21.6 - https:\/\/yoast.com\/wordpress\/plugins\/seo\/ -->\n<title>Marine -<\/title>\n<meta name=\"robots\" content=\"index, follow, max-snippet:-1, max-image-preview:large, max-video-preview:-1\" \/>\n<link rel=\"canonical\" href=\"https:\/\/heid-canada.com\/fr\/marine\/\" \/>\n<meta property=\"og:locale\" content=\"fr_FR\" \/>\n<meta property=\"og:type\" content=\"article\" \/>\n<meta property=\"og:title\" content=\"Marine -\" \/>\n<meta property=\"og:description\" content=\"Marine HEID Antriebstechnik fourni les embrayages \u00e0 disques \u00e9lectromagn\u00e9tiques avec des traitements de surface hautement r\u00e9sistantes pour la marine Australienne, d\u00e9fiant m\u00eame les environnements d&rsquo;eau sal\u00e9e les plus agressifs. La soci\u00e9t\u00e9 suisse \u00ab\u00a0Planet Solar\u00a0\u00bb d\u00e9velopp\u00e9 un bateau men\u00e9 uniquement par l&rsquo;\u00e9nergie solaire, qui a \u00e9t\u00e9 utilis\u00e9 pour transporter un \u00e9quipage courageux dans le monde entier.\u2026\" \/>\n<meta property=\"og:url\" content=\"https:\/\/heid-canada.com\/fr\/marine\/\" \/>\n<meta property=\"article:modified_time\" content=\"2016-10-25T18:58:26+00:00\" \/>\n<meta property=\"og:image\" content=\"http:\/\/heid-canada.com\/wp-content\/uploads\/2016\/10\/ASI-HEID-MARINE-QUOTE-FR.png\" \/>\n<meta name=\"twitter:card\" content=\"summary_large_image\" \/>\n<meta name=\"twitter:label1\" content=\"Dur\u00e9e de lecture estim\u00e9e\" \/>\n\t<meta name=\"twitter:data1\" content=\"1 minute\" \/>\n<script type=\"application\/ld+json\" class=\"yoast-schema-graph\">{\"@context\":\"https:\/\/schema.org\",\"@graph\":[{\"@type\":\"WebPage\",\"@id\":\"https:\/\/heid-canada.com\/fr\/marine\/\",\"url\":\"https:\/\/heid-canada.com\/fr\/marine\/\",\"name\":\"Marine -\",\"isPartOf\":{\"@id\":\"https:\/\/heid-canada.com\/fr\/#website\"},\"datePublished\":\"2016-10-25T18:56:17+00:00\",\"dateModified\":\"2016-10-25T18:58:26+00:00\",\"breadcrumb\":{\"@id\":\"https:\/\/heid-canada.com\/fr\/marine\/#breadcrumb\"},\"inLanguage\":\"fr-FR\",\"potentialAction\":[{\"@type\":\"ReadAction\",\"target\":[\"https:\/\/heid-canada.com\/fr\/marine\/\"]}]},{\"@type\":\"BreadcrumbList\",\"@id\":\"https:\/\/heid-canada.com\/fr\/marine\/#breadcrumb\",\"itemListElement\":[{\"@type\":\"ListItem\",\"position\":1,\"name\":\"Home\",\"item\":\"https:\/\/heid-canada.com\/fr\/\"},{\"@type\":\"ListItem\",\"position\":2,\"name\":\"Marine\"}]},{\"@type\":\"WebSite\",\"@id\":\"https:\/\/heid-canada.com\/fr\/#website\",\"url\":\"https:\/\/heid-canada.com\/fr\/\",\"name\":\"\",\"description\":\"Heid Canada - Embrayages et freins d'ing\u00e9nierie\",\"potentialAction\":[{\"@type\":\"SearchAction\",\"target\":{\"@type\":\"EntryPoint\",\"urlTemplate\":\"https:\/\/heid-canada.com\/fr\/?s={search_term_string}\"},\"query-input\":\"required name=search_term_string\"}],\"inLanguage\":\"fr-FR\"}]}<\/script>\n<!-- \/ Yoast SEO plugin. -->","yoast_head_json":{"title":"Marine -","robots":{"index":"index","follow":"follow","max-snippet":"max-snippet:-1","max-image-preview":"max-image-preview:large","max-video-preview":"max-video-preview:-1"},"canonical":"https:\/\/heid-canada.com\/fr\/marine\/","og_locale":"fr_FR","og_type":"article","og_title":"Marine -","og_description":"Marine HEID Antriebstechnik fourni les embrayages \u00e0 disques \u00e9lectromagn\u00e9tiques avec des traitements de surface hautement r\u00e9sistantes pour la marine Australienne, d\u00e9fiant m\u00eame les environnements d&rsquo;eau sal\u00e9e les plus agressifs. La soci\u00e9t\u00e9 suisse \u00ab\u00a0Planet Solar\u00a0\u00bb d\u00e9velopp\u00e9 un bateau men\u00e9 uniquement par l&rsquo;\u00e9nergie solaire, qui a \u00e9t\u00e9 utilis\u00e9 pour transporter un \u00e9quipage courageux dans le monde entier.\u2026","og_url":"https:\/\/heid-canada.com\/fr\/marine\/","article_modified_time":"2016-10-25T18:58:26+00:00","og_image":[{"url":"http:\/\/heid-canada.com\/wp-content\/uploads\/2016\/10\/ASI-HEID-MARINE-QUOTE-FR.png"}],"twitter_card":"summary_large_image","twitter_misc":{"Dur\u00e9e de lecture estim\u00e9e":"1 minute"},"schema":{"@context":"https:\/\/schema.org","@graph":[{"@type":"WebPage","@id":"https:\/\/heid-canada.com\/fr\/marine\/","url":"https:\/\/heid-canada.com\/fr\/marine\/","name":"Marine -","isPartOf":{"@id":"https:\/\/heid-canada.com\/fr\/#website"},"datePublished":"2016-10-25T18:56:17+00:00","dateModified":"2016-10-25T18:58:26+00:00","breadcrumb":{"@id":"https:\/\/heid-canada.com\/fr\/marine\/#breadcrumb"},"inLanguage":"fr-FR","potentialAction":[{"@type":"ReadAction","target":["https:\/\/heid-canada.com\/fr\/marine\/"]}]},{"@type":"BreadcrumbList","@id":"https:\/\/heid-canada.com\/fr\/marine\/#breadcrumb","itemListElement":[{"@type":"ListItem","position":1,"name":"Home","item":"https:\/\/heid-canada.com\/fr\/"},{"@type":"ListItem","position":2,"name":"Marine"}]},{"@type":"WebSite","@id":"https:\/\/heid-canada.com\/fr\/#website","url":"https:\/\/heid-canada.com\/fr\/","name":"","description":"Heid Canada - Embrayages et freins d'ing\u00e9nierie","potentialAction":[{"@type":"SearchAction","target":{"@type":"EntryPoint","urlTemplate":"https:\/\/heid-canada.com\/fr\/?s={search_term_string}"},"query-input":"required name=search_term_string"}],"inLanguage":"fr-FR"}]}},"_links":{"self":[{"href":"https:\/\/heid-canada.com\/fr\/wp-json\/wp\/v2\/pages\/485"}],"collection":[{"href":"https:\/\/heid-canada.com\/fr\/wp-json\/wp\/v2\/pages"}],"about":[{"href":"https:\/\/heid-canada.com\/fr\/wp-json\/wp\/v2\/types\/page"}],"author":[{"embeddable":true,"href":"https:\/\/heid-canada.com\/fr\/wp-json\/wp\/v2\/users\/1"}],"replies":[{"embeddable":true,"href":"https:\/\/heid-canada.com\/fr\/wp-json\/wp\/v2\/comments?post=485"}],"version-history":[{"count":4,"href":"https:\/\/heid-canada.com\/fr\/wp-json\/wp\/v2\/pages\/485\/revisions"}],"predecessor-version":[{"id":490,"href":"https:\/\/heid-canada.com\/fr\/wp-json\/wp\/v2\/pages\/485\/revisions\/490"}],"wp:attachment":[{"href":"https:\/\/heid-canada.com\/fr\/wp-json\/wp\/v2\/media?parent=485"}],"curies":[{"name":"wp","href":"https:\/\/api.w.org\/{rel}","templated":true}]}}