{"id":491,"date":"2016-10-25T19:00:47","date_gmt":"2016-10-25T19:00:47","guid":{"rendered":"http:\/\/www.heid-canada.com\/fr\/?page_id=491"},"modified":"2016-10-25T19:02:55","modified_gmt":"2016-10-25T19:02:55","slug":"vehicles","status":"publish","type":"page","link":"https:\/\/heid-canada.com\/fr\/vehicles\/","title":{"rendered":"V\u00e9hicules"},"content":{"rendered":"<table style=\"width: 100%; margin-left: auto; margin-right: auto;\">\n<tbody>\n<tr>\n<td style=\"width: 25%; border: 0px; padding-top: 65px;\"><img decoding=\"async\" class=\"alignnone size-full wp-image-495\" src=\"http:\/\/heid-canada.com\/wp-content\/uploads\/2016\/10\/ASI-HEID-VEHICLE-QUOTE-FR.png\" alt=\"asi-heid-vehicle-quote-fr\" width=\"250\" height=\"250\" srcset=\"https:\/\/heid-canada.com\/wp-content\/uploads\/2016\/10\/ASI-HEID-VEHICLE-QUOTE-FR.png 250w, https:\/\/heid-canada.com\/wp-content\/uploads\/2016\/10\/ASI-HEID-VEHICLE-QUOTE-FR-150x150.png 150w\" sizes=\"(max-width: 250px) 100vw, 250px\" \/><\/td>\n<td style=\"width: 60%; border: 0px; text-align: left;\">\n<h1 style=\"text-align: right; color: #0a579a;\">V\u00e9hicules<\/h1>\n<p>HEID Antriebstechnik a, et continue de profiter de plusieurs partenariats \u00e0 long terme avec des fabricants bien \u00e9tablis de v\u00e9hicules sp\u00e9cialis\u00e9s utilis\u00e9s dans de nombreuses applications diff\u00e9rentes. Embrayages hydrauliques pour machines agricoles, embrayages \u00e9lectromagn\u00e9tiques pour \u00e9quipements de camion d&rsquo;incendie auxiliaires, ainsi que les freins actionn\u00e9s de pression de ressort pour les appareils de levage de charge &#8211; embrayages et freins HEID fournissent des solutions pour chaque application. HEID Antriebstechnik offre \u00e9galement un soutien \u00e0 ses clients dans le processus de d\u00e9veloppement pour les syst\u00e8mes d&#8217;embrayage et de frein int\u00e9gr\u00e9es. Nous fournissons \u00e9galement des disques de friction en acier ou avec un rev\u00eatement sp\u00e9ciale et \u00e9galement nous fournissons \u00e0 nos clients des pi\u00e8ces de haute qualit\u00e9.<\/p>\n<p><img decoding=\"async\" class=\"alignnone\" style=\"box-shadow: 10px 10px 5px #888888; display: block; margin-left: auto; margin-right: auto;\" title=\"Heid Clutch and Brake Solutions for Vehicles. \u201cWell known companies from all over the world, e.g. Rosenbauer and Raba appreciate the high-quality products and professional support of HEID Antriebstechnik.\u201d\" src=\"http:\/\/heid-canada.com\/wp-content\/uploads\/2016\/05\/HEID-VEHICLE-PAGE-IMAGE.jpg\" alt=\"Heid Clutch and Brake Solutions for Vehicles. \u201cWell known companies from all over the world, e.g. Rosenbauer and Raba appreciate the high-quality products and professional support of HEID Antriebstechnik.\u201d\" width=\"440\" height=\"248\" \/><\/p>\n<h3 style=\"text-align: middle; color: #0a579a; font-style: italic;\">\u00abDes entreprises de renom de partout dans le monde, par exemple, Rosenbauer et Raba appr\u00e9cient les produits de haute qualit\u00e9 et un soutien professionnel des HEID Antriebstechnik.\u00bb<\/h3>\n<p>&nbsp;<\/p>\n<div style=\"text-align: center; border: 1px solid black; box-shadow: 4px 4px 2px #888888;\">\n<h3>T\u00e9l\u00e9charger notre catalogue <a href=\"http:\/\/heid-canada.com\/wp-content\/uploads\/2016\/06\/HEID-Catalog.zip\">ici<\/a><\/h3>\n<\/div>\n<\/td>\n<td style=\"width: 15%; border: 0px;\"><img decoding=\"async\" src=\"http:\/\/heid-canada.com\/wp-content\/uploads\/2016\/05\/HEID-VEHICLE-SIDE.jpg\" \/><\/td>\n<\/tr>\n<\/tbody>\n<\/table>\n","protected":false},"excerpt":{"rendered":"<p>V\u00e9hicules HEID Antriebstechnik a, et continue de profiter de plusieurs partenariats \u00e0 long terme avec des fabricants bien \u00e9tablis de v\u00e9hicules sp\u00e9cialis\u00e9s utilis\u00e9s dans de nombreuses applications diff\u00e9rentes. Embrayages hydrauliques pour machines agricoles, embrayages \u00e9lectromagn\u00e9tiques pour \u00e9quipements de camion d&rsquo;incendie auxiliaires, ainsi que les freins actionn\u00e9s de pression de ressort pour les appareils de levage\u2026<\/p>\n","protected":false},"author":1,"featured_media":0,"parent":0,"menu_order":0,"comment_status":"closed","ping_status":"closed","template":"fullwidth.php","meta":{"footnotes":""},"yoast_head":"<!-- This site is optimized with the Yoast SEO plugin v21.6 - https:\/\/yoast.com\/wordpress\/plugins\/seo\/ -->\n<title>V\u00e9hicules -<\/title>\n<meta name=\"robots\" content=\"index, follow, max-snippet:-1, max-image-preview:large, max-video-preview:-1\" \/>\n<link rel=\"canonical\" href=\"https:\/\/heid-canada.com\/fr\/vehicles\/\" \/>\n<meta property=\"og:locale\" content=\"fr_FR\" \/>\n<meta property=\"og:type\" content=\"article\" \/>\n<meta property=\"og:title\" content=\"V\u00e9hicules -\" \/>\n<meta property=\"og:description\" content=\"V\u00e9hicules HEID Antriebstechnik a, et continue de profiter de plusieurs partenariats \u00e0 long terme avec des fabricants bien \u00e9tablis de v\u00e9hicules sp\u00e9cialis\u00e9s utilis\u00e9s dans de nombreuses applications diff\u00e9rentes. Embrayages hydrauliques pour machines agricoles, embrayages \u00e9lectromagn\u00e9tiques pour \u00e9quipements de camion d&rsquo;incendie auxiliaires, ainsi que les freins actionn\u00e9s de pression de ressort pour les appareils de levage\u2026\" \/>\n<meta property=\"og:url\" content=\"https:\/\/heid-canada.com\/fr\/vehicles\/\" \/>\n<meta property=\"article:modified_time\" content=\"2016-10-25T19:02:55+00:00\" \/>\n<meta property=\"og:image\" content=\"http:\/\/heid-canada.com\/wp-content\/uploads\/2016\/10\/ASI-HEID-VEHICLE-QUOTE-FR.png\" \/>\n<meta name=\"twitter:card\" content=\"summary_large_image\" \/>\n<meta name=\"twitter:label1\" content=\"Dur\u00e9e de lecture estim\u00e9e\" \/>\n\t<meta name=\"twitter:data1\" content=\"1 minute\" \/>\n<script type=\"application\/ld+json\" class=\"yoast-schema-graph\">{\"@context\":\"https:\/\/schema.org\",\"@graph\":[{\"@type\":\"WebPage\",\"@id\":\"https:\/\/heid-canada.com\/fr\/vehicles\/\",\"url\":\"https:\/\/heid-canada.com\/fr\/vehicles\/\",\"name\":\"V\u00e9hicules -\",\"isPartOf\":{\"@id\":\"https:\/\/heid-canada.com\/fr\/#website\"},\"datePublished\":\"2016-10-25T19:00:47+00:00\",\"dateModified\":\"2016-10-25T19:02:55+00:00\",\"breadcrumb\":{\"@id\":\"https:\/\/heid-canada.com\/fr\/vehicles\/#breadcrumb\"},\"inLanguage\":\"fr-FR\",\"potentialAction\":[{\"@type\":\"ReadAction\",\"target\":[\"https:\/\/heid-canada.com\/fr\/vehicles\/\"]}]},{\"@type\":\"BreadcrumbList\",\"@id\":\"https:\/\/heid-canada.com\/fr\/vehicles\/#breadcrumb\",\"itemListElement\":[{\"@type\":\"ListItem\",\"position\":1,\"name\":\"Home\",\"item\":\"https:\/\/heid-canada.com\/fr\/\"},{\"@type\":\"ListItem\",\"position\":2,\"name\":\"V\u00e9hicules\"}]},{\"@type\":\"WebSite\",\"@id\":\"https:\/\/heid-canada.com\/fr\/#website\",\"url\":\"https:\/\/heid-canada.com\/fr\/\",\"name\":\"\",\"description\":\"Heid Canada - Embrayages et freins d'ing\u00e9nierie\",\"potentialAction\":[{\"@type\":\"SearchAction\",\"target\":{\"@type\":\"EntryPoint\",\"urlTemplate\":\"https:\/\/heid-canada.com\/fr\/?s={search_term_string}\"},\"query-input\":\"required name=search_term_string\"}],\"inLanguage\":\"fr-FR\"}]}<\/script>\n<!-- \/ Yoast SEO plugin. -->","yoast_head_json":{"title":"V\u00e9hicules -","robots":{"index":"index","follow":"follow","max-snippet":"max-snippet:-1","max-image-preview":"max-image-preview:large","max-video-preview":"max-video-preview:-1"},"canonical":"https:\/\/heid-canada.com\/fr\/vehicles\/","og_locale":"fr_FR","og_type":"article","og_title":"V\u00e9hicules -","og_description":"V\u00e9hicules HEID Antriebstechnik a, et continue de profiter de plusieurs partenariats \u00e0 long terme avec des fabricants bien \u00e9tablis de v\u00e9hicules sp\u00e9cialis\u00e9s utilis\u00e9s dans de nombreuses applications diff\u00e9rentes. Embrayages hydrauliques pour machines agricoles, embrayages \u00e9lectromagn\u00e9tiques pour \u00e9quipements de camion d&rsquo;incendie auxiliaires, ainsi que les freins actionn\u00e9s de pression de ressort pour les appareils de levage\u2026","og_url":"https:\/\/heid-canada.com\/fr\/vehicles\/","article_modified_time":"2016-10-25T19:02:55+00:00","og_image":[{"url":"http:\/\/heid-canada.com\/wp-content\/uploads\/2016\/10\/ASI-HEID-VEHICLE-QUOTE-FR.png"}],"twitter_card":"summary_large_image","twitter_misc":{"Dur\u00e9e de lecture estim\u00e9e":"1 minute"},"schema":{"@context":"https:\/\/schema.org","@graph":[{"@type":"WebPage","@id":"https:\/\/heid-canada.com\/fr\/vehicles\/","url":"https:\/\/heid-canada.com\/fr\/vehicles\/","name":"V\u00e9hicules -","isPartOf":{"@id":"https:\/\/heid-canada.com\/fr\/#website"},"datePublished":"2016-10-25T19:00:47+00:00","dateModified":"2016-10-25T19:02:55+00:00","breadcrumb":{"@id":"https:\/\/heid-canada.com\/fr\/vehicles\/#breadcrumb"},"inLanguage":"fr-FR","potentialAction":[{"@type":"ReadAction","target":["https:\/\/heid-canada.com\/fr\/vehicles\/"]}]},{"@type":"BreadcrumbList","@id":"https:\/\/heid-canada.com\/fr\/vehicles\/#breadcrumb","itemListElement":[{"@type":"ListItem","position":1,"name":"Home","item":"https:\/\/heid-canada.com\/fr\/"},{"@type":"ListItem","position":2,"name":"V\u00e9hicules"}]},{"@type":"WebSite","@id":"https:\/\/heid-canada.com\/fr\/#website","url":"https:\/\/heid-canada.com\/fr\/","name":"","description":"Heid Canada - Embrayages et freins d'ing\u00e9nierie","potentialAction":[{"@type":"SearchAction","target":{"@type":"EntryPoint","urlTemplate":"https:\/\/heid-canada.com\/fr\/?s={search_term_string}"},"query-input":"required name=search_term_string"}],"inLanguage":"fr-FR"}]}},"_links":{"self":[{"href":"https:\/\/heid-canada.com\/fr\/wp-json\/wp\/v2\/pages\/491"}],"collection":[{"href":"https:\/\/heid-canada.com\/fr\/wp-json\/wp\/v2\/pages"}],"about":[{"href":"https:\/\/heid-canada.com\/fr\/wp-json\/wp\/v2\/types\/page"}],"author":[{"embeddable":true,"href":"https:\/\/heid-canada.com\/fr\/wp-json\/wp\/v2\/users\/1"}],"replies":[{"embeddable":true,"href":"https:\/\/heid-canada.com\/fr\/wp-json\/wp\/v2\/comments?post=491"}],"version-history":[{"count":4,"href":"https:\/\/heid-canada.com\/fr\/wp-json\/wp\/v2\/pages\/491\/revisions"}],"predecessor-version":[{"id":496,"href":"https:\/\/heid-canada.com\/fr\/wp-json\/wp\/v2\/pages\/491\/revisions\/496"}],"wp:attachment":[{"href":"https:\/\/heid-canada.com\/fr\/wp-json\/wp\/v2\/media?parent=491"}],"curies":[{"name":"wp","href":"https:\/\/api.w.org\/{rel}","templated":true}]}}