{"id":497,"date":"2016-10-25T19:07:19","date_gmt":"2016-10-25T19:07:19","guid":{"rendered":"http:\/\/www.heid-canada.com\/fr\/?page_id=497"},"modified":"2016-10-25T19:07:19","modified_gmt":"2016-10-25T19:07:19","slug":"histoire-futur","status":"publish","type":"page","link":"https:\/\/heid-canada.com\/fr\/histoire-futur\/","title":{"rendered":"Histoire &#8211; futur"},"content":{"rendered":"<table style=\"width: 100%; margin-left: auto; margin-right: auto;\">\n<tbody>\n<tr>\n<td style=\"width: 25%; border: 0px; padding-top: 65px;\"><img decoding=\"async\" class=\"alignnone size-full wp-image-498\" src=\"http:\/\/heid-canada.com\/wp-content\/uploads\/2016\/10\/ASI-HEID-HISTORY-QUOTE-FR.png\" alt=\"asi-heid-history-quote-fr\" width=\"250\" height=\"250\" srcset=\"https:\/\/heid-canada.com\/wp-content\/uploads\/2016\/10\/ASI-HEID-HISTORY-QUOTE-FR.png 250w, https:\/\/heid-canada.com\/wp-content\/uploads\/2016\/10\/ASI-HEID-HISTORY-QUOTE-FR-150x150.png 150w\" sizes=\"(max-width: 250px) 100vw, 250px\" \/><\/td>\n<td style=\"width: 60%; border: 0px; text-align: left;\">\n<h1 style=\"text-align: right; color: #0a579a;\">Histoire &#8211; futur<\/h1>\n<p>Nikolaus Heid a fond\u00e9 l&rsquo;usine de machine HEID AG en 1883, en tant que fabricant de machines agricoles mise en marche par l\u2019\u00e9nergie hydro\u00e9lectrique. Tout au long des ann\u00e9es, la soci\u00e9t\u00e9 a jou\u00e9 un r\u00f4le tr\u00e8s impressionnant sur le march\u00e9 international en machine-outil en tant que fabricant d&#8217;embrayages et freins fiables.<\/p>\n<p>HEID Antriebstechnik GmbH &amp; Co KG a commenc\u00e9 comme une soci\u00e9t\u00e9 ind\u00e9pendante en Janvier 1988 apr\u00e8s le separation de Heid AG en quatre entit\u00e9s diff\u00e9rentes.<\/p>\n<p>Agissant sur la force de plus de 130 ann\u00e9es d&rsquo;exp\u00e9rience, nous sommes engag\u00e9s \u00e0 d\u00e9velopper des solutions innovantes continue et \u00e0 l&rsquo;exploration de nouveaux march\u00e9s pour l&rsquo;avenir. Nous accordons une grande importance \u00e0 la pr\u00e9cision et \u00e0 haut rendement dans tous nos processus de production. La satisfaction de nos clients doit continuer \u00e0 \u00eatre la cl\u00e9 de notre succ\u00e8s.<\/p>\n<p><img decoding=\"async\" class=\"alignnone\" style=\"box-shadow: 10px 10px 5px #888888; display: block; margin-left: auto; margin-right: auto;\" title=\"History of HEID Antriebstechnik GmbH &amp; Co KG started as an inde\u00adpendent company in January 1988 after splitting Heid AG into four different entities.\" src=\"http:\/\/heid-canada.com\/wp-content\/uploads\/2016\/05\/HEID-HISTORY-PAGE-IMAGE.jpg\" alt=\"History of HEID Antriebstechnik GmbH &amp; Co KG started as an inde\u00adpendent company in January 1988 after splitting Heid AG into four different entities.\" width=\"292\" height=\"208\" \/><\/p>\n<h3 style=\"text-align: middle; color: #0a579a; font-style: italic;\">\u00abUn grand nombre de d\u00e9fis tout au long des d\u00e9cennies ont fa\u00e7onn\u00e9 notre d\u00e9veloppement.\u00bb<\/h3>\n<p>&nbsp;<\/p>\n<div style=\"text-align: center; border: 1px solid black; box-shadow: 4px 4px 2px #888888;\">\n<h3>T\u00e9l\u00e9charger notre catalogue <a href=\"http:\/\/heid-canada.com\/wp-content\/uploads\/2016\/06\/HEID-Catalog.zip\">ici<\/a><\/h3>\n<\/div>\n<\/td>\n<td style=\"width: 15%; border: 0px;\"><img decoding=\"async\" class=\"alignnone\" title=\"Nikolaus Heid, Founder 1850-1912\" src=\"http:\/\/heid-canada.com\/wp-content\/uploads\/2016\/05\/HEID-HISTORY-SIDE.jpg\" alt=\"Nikolaus Heid, Founder 1850-1912\" width=\"167\" height=\"793\" \/><\/td>\n<\/tr>\n<\/tbody>\n<\/table>\n","protected":false},"excerpt":{"rendered":"<p>Histoire &#8211; futur Nikolaus Heid a fond\u00e9 l&rsquo;usine de machine HEID AG en 1883, en tant que fabricant de machines agricoles mise en marche par l\u2019\u00e9nergie hydro\u00e9lectrique. Tout au long des ann\u00e9es, la soci\u00e9t\u00e9 a jou\u00e9 un r\u00f4le tr\u00e8s impressionnant sur le march\u00e9 international en machine-outil en tant que fabricant d&#8217;embrayages et freins fiables. HEID\u2026<\/p>\n","protected":false},"author":1,"featured_media":0,"parent":0,"menu_order":0,"comment_status":"closed","ping_status":"closed","template":"fullwidth.php","meta":{"footnotes":""},"yoast_head":"<!-- This site is optimized with the Yoast SEO plugin v21.6 - https:\/\/yoast.com\/wordpress\/plugins\/seo\/ -->\n<title>Histoire - futur -<\/title>\n<meta name=\"robots\" content=\"index, follow, max-snippet:-1, max-image-preview:large, max-video-preview:-1\" \/>\n<link rel=\"canonical\" href=\"https:\/\/heid-canada.com\/fr\/histoire-futur\/\" \/>\n<meta property=\"og:locale\" content=\"fr_FR\" \/>\n<meta property=\"og:type\" content=\"article\" \/>\n<meta property=\"og:title\" content=\"Histoire - futur -\" \/>\n<meta property=\"og:description\" content=\"Histoire &#8211; futur Nikolaus Heid a fond\u00e9 l&rsquo;usine de machine HEID AG en 1883, en tant que fabricant de machines agricoles mise en marche par l\u2019\u00e9nergie hydro\u00e9lectrique. Tout au long des ann\u00e9es, la soci\u00e9t\u00e9 a jou\u00e9 un r\u00f4le tr\u00e8s impressionnant sur le march\u00e9 international en machine-outil en tant que fabricant d&#8217;embrayages et freins fiables. HEID\u2026\" \/>\n<meta property=\"og:url\" content=\"https:\/\/heid-canada.com\/fr\/histoire-futur\/\" \/>\n<meta property=\"og:image\" content=\"http:\/\/heid-canada.com\/wp-content\/uploads\/2016\/10\/ASI-HEID-HISTORY-QUOTE-FR.png\" \/>\n<meta name=\"twitter:card\" content=\"summary_large_image\" \/>\n<meta name=\"twitter:label1\" content=\"Dur\u00e9e de lecture estim\u00e9e\" \/>\n\t<meta name=\"twitter:data1\" content=\"1 minute\" \/>\n<script type=\"application\/ld+json\" class=\"yoast-schema-graph\">{\"@context\":\"https:\/\/schema.org\",\"@graph\":[{\"@type\":\"WebPage\",\"@id\":\"https:\/\/heid-canada.com\/fr\/histoire-futur\/\",\"url\":\"https:\/\/heid-canada.com\/fr\/histoire-futur\/\",\"name\":\"Histoire - futur -\",\"isPartOf\":{\"@id\":\"https:\/\/heid-canada.com\/fr\/#website\"},\"datePublished\":\"2016-10-25T19:07:19+00:00\",\"dateModified\":\"2016-10-25T19:07:19+00:00\",\"breadcrumb\":{\"@id\":\"https:\/\/heid-canada.com\/fr\/histoire-futur\/#breadcrumb\"},\"inLanguage\":\"fr-FR\",\"potentialAction\":[{\"@type\":\"ReadAction\",\"target\":[\"https:\/\/heid-canada.com\/fr\/histoire-futur\/\"]}]},{\"@type\":\"BreadcrumbList\",\"@id\":\"https:\/\/heid-canada.com\/fr\/histoire-futur\/#breadcrumb\",\"itemListElement\":[{\"@type\":\"ListItem\",\"position\":1,\"name\":\"Home\",\"item\":\"https:\/\/heid-canada.com\/fr\/\"},{\"@type\":\"ListItem\",\"position\":2,\"name\":\"Histoire &#8211; futur\"}]},{\"@type\":\"WebSite\",\"@id\":\"https:\/\/heid-canada.com\/fr\/#website\",\"url\":\"https:\/\/heid-canada.com\/fr\/\",\"name\":\"\",\"description\":\"Heid Canada - Embrayages et freins d'ing\u00e9nierie\",\"potentialAction\":[{\"@type\":\"SearchAction\",\"target\":{\"@type\":\"EntryPoint\",\"urlTemplate\":\"https:\/\/heid-canada.com\/fr\/?s={search_term_string}\"},\"query-input\":\"required name=search_term_string\"}],\"inLanguage\":\"fr-FR\"}]}<\/script>\n<!-- \/ Yoast SEO plugin. -->","yoast_head_json":{"title":"Histoire - futur -","robots":{"index":"index","follow":"follow","max-snippet":"max-snippet:-1","max-image-preview":"max-image-preview:large","max-video-preview":"max-video-preview:-1"},"canonical":"https:\/\/heid-canada.com\/fr\/histoire-futur\/","og_locale":"fr_FR","og_type":"article","og_title":"Histoire - futur -","og_description":"Histoire &#8211; futur Nikolaus Heid a fond\u00e9 l&rsquo;usine de machine HEID AG en 1883, en tant que fabricant de machines agricoles mise en marche par l\u2019\u00e9nergie hydro\u00e9lectrique. Tout au long des ann\u00e9es, la soci\u00e9t\u00e9 a jou\u00e9 un r\u00f4le tr\u00e8s impressionnant sur le march\u00e9 international en machine-outil en tant que fabricant d&#8217;embrayages et freins fiables. HEID\u2026","og_url":"https:\/\/heid-canada.com\/fr\/histoire-futur\/","og_image":[{"url":"http:\/\/heid-canada.com\/wp-content\/uploads\/2016\/10\/ASI-HEID-HISTORY-QUOTE-FR.png"}],"twitter_card":"summary_large_image","twitter_misc":{"Dur\u00e9e de lecture estim\u00e9e":"1 minute"},"schema":{"@context":"https:\/\/schema.org","@graph":[{"@type":"WebPage","@id":"https:\/\/heid-canada.com\/fr\/histoire-futur\/","url":"https:\/\/heid-canada.com\/fr\/histoire-futur\/","name":"Histoire - futur -","isPartOf":{"@id":"https:\/\/heid-canada.com\/fr\/#website"},"datePublished":"2016-10-25T19:07:19+00:00","dateModified":"2016-10-25T19:07:19+00:00","breadcrumb":{"@id":"https:\/\/heid-canada.com\/fr\/histoire-futur\/#breadcrumb"},"inLanguage":"fr-FR","potentialAction":[{"@type":"ReadAction","target":["https:\/\/heid-canada.com\/fr\/histoire-futur\/"]}]},{"@type":"BreadcrumbList","@id":"https:\/\/heid-canada.com\/fr\/histoire-futur\/#breadcrumb","itemListElement":[{"@type":"ListItem","position":1,"name":"Home","item":"https:\/\/heid-canada.com\/fr\/"},{"@type":"ListItem","position":2,"name":"Histoire &#8211; futur"}]},{"@type":"WebSite","@id":"https:\/\/heid-canada.com\/fr\/#website","url":"https:\/\/heid-canada.com\/fr\/","name":"","description":"Heid Canada - Embrayages et freins d'ing\u00e9nierie","potentialAction":[{"@type":"SearchAction","target":{"@type":"EntryPoint","urlTemplate":"https:\/\/heid-canada.com\/fr\/?s={search_term_string}"},"query-input":"required name=search_term_string"}],"inLanguage":"fr-FR"}]}},"_links":{"self":[{"href":"https:\/\/heid-canada.com\/fr\/wp-json\/wp\/v2\/pages\/497"}],"collection":[{"href":"https:\/\/heid-canada.com\/fr\/wp-json\/wp\/v2\/pages"}],"about":[{"href":"https:\/\/heid-canada.com\/fr\/wp-json\/wp\/v2\/types\/page"}],"author":[{"embeddable":true,"href":"https:\/\/heid-canada.com\/fr\/wp-json\/wp\/v2\/users\/1"}],"replies":[{"embeddable":true,"href":"https:\/\/heid-canada.com\/fr\/wp-json\/wp\/v2\/comments?post=497"}],"version-history":[{"count":1,"href":"https:\/\/heid-canada.com\/fr\/wp-json\/wp\/v2\/pages\/497\/revisions"}],"predecessor-version":[{"id":499,"href":"https:\/\/heid-canada.com\/fr\/wp-json\/wp\/v2\/pages\/497\/revisions\/499"}],"wp:attachment":[{"href":"https:\/\/heid-canada.com\/fr\/wp-json\/wp\/v2\/media?parent=497"}],"curies":[{"name":"wp","href":"https:\/\/api.w.org\/{rel}","templated":true}]}}