{"id":500,"date":"2016-10-25T19:13:56","date_gmt":"2016-10-25T19:13:56","guid":{"rendered":"http:\/\/www.heid-canada.com\/fr\/?page_id=500"},"modified":"2016-10-25T19:13:56","modified_gmt":"2016-10-25T19:13:56","slug":"heid-solutions-dembrayage-et-de-frein-specialises","status":"publish","type":"page","link":"https:\/\/heid-canada.com\/fr\/heid-solutions-dembrayage-et-de-frein-specialises\/","title":{"rendered":"Heid Solutions d&#8217;embrayage et de frein sp\u00e9cialis\u00e9s"},"content":{"rendered":"<h2>Heid Solutions d&#8217;embrayage et de frein sp\u00e9cialis\u00e9s<\/h2>\n<div>\n<p>Depuis de nombreuses ann\u00e9es maintenant, les clients de partout dans le monde aime travailler avec HEID Antriebstechnik quand il s&rsquo;agit de solutions personnalis\u00e9es pour des applications non standard. Heid de frein et d&#8217;embrayage sp\u00e9cialis\u00e9s offrent des solutions varie de freins de s\u00e9curit\u00e9 sp\u00e9cial pour un t\u00e9lescope spatial \u00e0 \u00ab\u00a0basse \u00e9nergie\u00a0\u00bb pour les embrayages fonctionnant sur batterie, robots de plong\u00e9e.<\/p>\n<p>Nous soutenons nos clients avec le d\u00e9veloppement technique des premi\u00e8res id\u00e9es jusqu&rsquo;au prototypage et finalement \u00e0 la phase de maturit\u00e9 compl\u00e8te, un d\u00e9veloppement global.<\/p>\n<\/div>\n<div style=\"height: 225px;\">\n<p><img decoding=\"async\" class=\"alignnone\" style=\"padding: 1px; border: 1px solid #e0e0e0; float: left; margin: 0px 15px 15px 0px; width: 265px; height: 146px;\" title=\"Heid Specialized Clutch and Brake Solutions\" src=\"http:\/\/heid-canada.com\/wp-content\/uploads\/2016\/07\/Heid-USA-Specialized-Solutions-Max-Planck-Institute.jpg\" alt=\"Heid Specialized Clutch and Brake Solutions\" width=\"265\" height=\"146\" \/><\/p>\n<h3>Max Planck Institute<\/h3>\n<p>Pour la recherche spatiale sur l&rsquo;\u00eele de La Palma en Espagne, un miroir t\u00e9lescope fut construit. En tant que partenaire du consortium, l&rsquo;Institut Max Planck \u00e0 Munich \u00e9tait responsable de l&rsquo;\u00e9l\u00e9vation de ce t\u00e9lescope et ont travaill\u00e9 en collaboration avec HEID de mettre les freins sp\u00e9cial avec un couple de freinage total de 8000 Nm. HEID tr\u00e8s rapidement d\u00e9velopp\u00e9 la solution technique mise en \u0153uvre pour l&rsquo;Institut Max Planck \u00e0 l&rsquo;aide de freins \u00e0 disque \u00e9lectromagn\u00e9tique sp\u00e9cialement con\u00e7us ; par cons\u00e9quent, nous avons re\u00e7u l&rsquo;ordre.<\/p>\n<\/div>\n<div style=\"height: 225px;\">\n<p><img decoding=\"async\" style=\"padding: 1px; border: 1px solid #e0e0e0; float: left; margin: 0px 15px 15px 0px; width: 265px; height: 146px;\" src=\"http:\/\/heid-canada.com\/wp-content\/uploads\/2016\/07\/Heid-USA-Specialized-Solutions-Siemens-Austria-AG.jpg\" \/><\/p>\n<h3>Siemens Austria AG<\/h3>\n<p>Transformers Weiz, Autriche, cette soci\u00e9t\u00e9 se trouvent sur site \u00e0 Weiz, un banc de test pour les transformateurs. L&rsquo;utilisation de g\u00e9n\u00e9rateurs de grande puissance, la situation du r\u00e9seau est simul\u00e9e. HEID a \u00e9t\u00e9 charg\u00e9 de cr\u00e9er un embrayage sur mesure pour le branchement et d\u00e9branchement de l&rsquo;entra\u00eenements auxiliaires de ces g\u00e9n\u00e9rateurs. Afin de satisfaire ces sp\u00e9cifications, un embrayage hydraulique sp\u00e9cial, le HLS 2000, a \u00e9t\u00e9 con\u00e7u avec un couple de plus de 30 000 Nm.<\/p>\n<\/div>\n<div style=\"height: 225px;\">\n<p><img decoding=\"async\" style=\"padding: 1px; border: 1px solid #e0e0e0; float: left; margin: 0px 15px 15px 0px; width: 265px; height: 146px;\" src=\"http:\/\/heid-canada.com\/wp-content\/uploads\/2016\/07\/Heid-USA-Specialized-Solutions-Rosenbauer-International-AG.jpg\" \/><\/p>\n<h3>Rosenbauer International AG<\/h3>\n<p>La soci\u00e9t\u00e9 Rosenbauer est mondialement connu pour le d\u00e9veloppement de v\u00e9hicules de lutte contre l&rsquo;incendie et la lutte contre l&rsquo;incendie de la technologie. HEID a mis au point un dispositif \u00e9lectromagn\u00e9tique, simple face pour l&#8217;embrayage de cette entreprise internationale, sp\u00e9cialement pour l&rsquo;entra\u00eenement des pompes \u00e0 eau utilis\u00e9es en conjonction avec un moteur \u00e0 combustion. Au fil des ans, des milliers d&rsquo;unit\u00e9s de cet embrayage ont \u00e9t\u00e9 fournies, dans le domaine la lutte contre les incendies, cette solution \u00e0 partir de la gare, n&rsquo;a jamais manqu\u00e9.<\/p>\n<\/div>\n<div style=\"height: 225px;\">\n<p><img decoding=\"async\" style=\"padding: 1px; border: 1px solid #e0e0e0; float: left; margin: 0px 15px 15px 0px; width: 265px; height: 146px;\" src=\"http:\/\/heid-canada.com\/wp-content\/uploads\/2016\/07\/Heid-USA-Specialized-Solutions-CANDU.jpg\" \/><\/p>\n<h3>CANDU<\/h3>\n<p>Le CANDU n&rsquo;est un r\u00e9acteur \u00e0 eau \u00e0 grande \u00e9chelle d\u00e9velopp\u00e9 au Canada et est en op\u00e9ration dans le monde. La plus grande et la plus efficace de l&rsquo;usine d&rsquo;\u00e9nergie nucl\u00e9aire fonctionne sur les embrayages et freins HEID. Ces composants sont particuli\u00e8rement d\u00e9velopp\u00e9s pour cet environnement et sont expos\u00e9s \u00e0 des radiations nucl\u00e9aires plus fort ; par cons\u00e9quent, ces composants sont conformes aux plus hautes normes de s\u00e9curit\u00e9. La gare, Syst\u00e8me de gestion de la qualit\u00e9 satisfait aux exigences particuli\u00e8res de l&rsquo;Agence internationale de l&rsquo;industrie nucl\u00e9aire.<\/p>\n<\/div>\n<div style=\"height: 225px;\">\n<p><img decoding=\"async\" style=\"padding: 1px; border: 1px solid #e0e0e0; float: left; margin: 0px 15px 15px 0px; width: 265px; height: 146px;\" src=\"http:\/\/heid-canada.com\/wp-content\/uploads\/2016\/07\/Heid-USA-Specialized-Solutions-Low-Energy.jpg\" \/><\/p>\n<h3>Manque d&rsquo;\u00e9nergie<\/h3>\n<p>Pour un sous-marin de recherche fonctionnant \u00e0 piles en Am\u00e9rique du Nord, HEID a d\u00e9velopp\u00e9 un type sp\u00e9cial d&#8217;embrayage \u00e9lectromagn\u00e9tique FMOV dans un \u00ab\u00a0LE\u00a0\u00bb (faible \u00e9nergie) version. Au moyen d&rsquo;un design particulier et une bobine, la consommation \u00e9lectrique de l&#8217;embrayage pourrait \u00eatre r\u00e9duit de 38 pour cent.<\/p>\n<\/div>\n<div style=\"height: 225px;\">\n<p><img decoding=\"async\" style=\"padding: 1px; border: 1px solid #e0e0e0; float: left; margin: 0px 15px 15px 0px; width: 265px; height: 156px;\" src=\"http:\/\/heid-canada.com\/wp-content\/uploads\/2016\/07\/Heid-USA-Specialized-Solutions-Liebherr.jpg\" \/><\/p>\n<h3>Liebherr<\/h3>\n<p>Avec une offre compl\u00e8te de machines-outils, Liebherr fournit la bonne solution pour chaque exigence en termes de la fabrication d&rsquo;engrenages cylindriques. Pour les engins Liebherr Machines, HEID a mis au point un type de frein de s\u00e9curit\u00e9 sp\u00e9cial pour LMOBD bloquant l&rsquo;outil transport en cas de panne de courant. HEID dormi en contact avec Liebherr tout au long de leurs \u00e9tapes de d\u00e9veloppement et a, au cours de ces derni\u00e8res ann\u00e9es, cess\u00e9 de s&rsquo;adapter le frein de s\u00e9curit\u00e9 d&rsquo;exigences Liebherr.<\/p>\n<\/div>\n<div style=\"height: 225px;\">\n<p><img decoding=\"async\" style=\"padding: 1px; border: 1px solid #e0e0e0; float: left; margin: 0px 15px 15px 0px; width: 265px; height: 146px;\" src=\"http:\/\/heid-canada.com\/wp-content\/uploads\/2016\/07\/Heid-USA-Specialized-Solutions-Nanjing-Kangni.jpg\" \/><\/p>\n<h3>Nanjing Kangni<\/h3>\n<p>La soci\u00e9t\u00e9 Nanjing Kangni KN \u00e0 Nanjing, Chine, a mis l&rsquo;accent sur la production de portes pour les chemins de fer et du m\u00e9tro. HEID d\u00e9velopp\u00e9es sur mesure un frein simple face qui doit non seulement respecter les dimensions d&rsquo;installation tr\u00e8s compacte mais doit \u00e9galement garantir les fonctions de porte-holding sous d&rsquo;\u00e9normes fluctuations de tension de \/- 30 pour cent.<\/p>\n<\/div>\n<p><a href=\"http:\/\/heid-canada.com\/wp-content\/uploads\/2016\/06\/HEID-Catalog.zip\"><img decoding=\"async\" class=\"alignnone wp-image-313\" src=\"http:\/\/heid-canada.com\/wp-content\/uploads\/2016\/07\/pdf-logo-transparent-150x150-11.png\" alt=\"HEID USA Catalog\" width=\"30\" height=\"30\" \/><\/a>\u00a0HEID USA Catalog<\/p>\n","protected":false},"excerpt":{"rendered":"<p>Heid Solutions d&#8217;embrayage et de frein sp\u00e9cialis\u00e9s Depuis de nombreuses ann\u00e9es maintenant, les clients de partout dans le monde aime travailler avec HEID Antriebstechnik quand il s&rsquo;agit de solutions personnalis\u00e9es pour des applications non standard. Heid de frein et d&#8217;embrayage sp\u00e9cialis\u00e9s offrent des solutions varie de freins de s\u00e9curit\u00e9 sp\u00e9cial pour un t\u00e9lescope spatial \u00e0\u2026<\/p>\n","protected":false},"author":1,"featured_media":0,"parent":0,"menu_order":0,"comment_status":"closed","ping_status":"closed","template":"fullwidth.php","meta":{"footnotes":""},"yoast_head":"<!-- This site is optimized with the Yoast SEO plugin v21.6 - https:\/\/yoast.com\/wordpress\/plugins\/seo\/ -->\n<title>Heid Solutions d&#039;embrayage et de frein sp\u00e9cialis\u00e9s -<\/title>\n<meta name=\"robots\" content=\"index, follow, max-snippet:-1, max-image-preview:large, max-video-preview:-1\" \/>\n<link rel=\"canonical\" href=\"https:\/\/heid-canada.com\/fr\/heid-solutions-dembrayage-et-de-frein-specialises\/\" \/>\n<meta property=\"og:locale\" content=\"fr_FR\" \/>\n<meta property=\"og:type\" content=\"article\" \/>\n<meta property=\"og:title\" content=\"Heid Solutions d&#039;embrayage et de frein sp\u00e9cialis\u00e9s -\" \/>\n<meta property=\"og:description\" content=\"Heid Solutions d&#8217;embrayage et de frein sp\u00e9cialis\u00e9s Depuis de nombreuses ann\u00e9es maintenant, les clients de partout dans le monde aime travailler avec HEID Antriebstechnik quand il s&rsquo;agit de solutions personnalis\u00e9es pour des applications non standard. Heid de frein et d&#8217;embrayage sp\u00e9cialis\u00e9s offrent des solutions varie de freins de s\u00e9curit\u00e9 sp\u00e9cial pour un t\u00e9lescope spatial \u00e0\u2026\" \/>\n<meta property=\"og:url\" content=\"https:\/\/heid-canada.com\/fr\/heid-solutions-dembrayage-et-de-frein-specialises\/\" \/>\n<meta property=\"og:image\" content=\"http:\/\/heid-canada.com\/wp-content\/uploads\/2016\/07\/Heid-USA-Specialized-Solutions-Max-Planck-Institute.jpg\" \/>\n<meta name=\"twitter:card\" content=\"summary_large_image\" \/>\n<meta name=\"twitter:label1\" content=\"Dur\u00e9e de lecture estim\u00e9e\" \/>\n\t<meta name=\"twitter:data1\" content=\"3 minutes\" \/>\n<script type=\"application\/ld+json\" class=\"yoast-schema-graph\">{\"@context\":\"https:\/\/schema.org\",\"@graph\":[{\"@type\":\"WebPage\",\"@id\":\"https:\/\/heid-canada.com\/fr\/heid-solutions-dembrayage-et-de-frein-specialises\/\",\"url\":\"https:\/\/heid-canada.com\/fr\/heid-solutions-dembrayage-et-de-frein-specialises\/\",\"name\":\"Heid Solutions d'embrayage et de frein sp\u00e9cialis\u00e9s -\",\"isPartOf\":{\"@id\":\"https:\/\/heid-canada.com\/fr\/#website\"},\"datePublished\":\"2016-10-25T19:13:56+00:00\",\"dateModified\":\"2016-10-25T19:13:56+00:00\",\"breadcrumb\":{\"@id\":\"https:\/\/heid-canada.com\/fr\/heid-solutions-dembrayage-et-de-frein-specialises\/#breadcrumb\"},\"inLanguage\":\"fr-FR\",\"potentialAction\":[{\"@type\":\"ReadAction\",\"target\":[\"https:\/\/heid-canada.com\/fr\/heid-solutions-dembrayage-et-de-frein-specialises\/\"]}]},{\"@type\":\"BreadcrumbList\",\"@id\":\"https:\/\/heid-canada.com\/fr\/heid-solutions-dembrayage-et-de-frein-specialises\/#breadcrumb\",\"itemListElement\":[{\"@type\":\"ListItem\",\"position\":1,\"name\":\"Home\",\"item\":\"https:\/\/heid-canada.com\/fr\/\"},{\"@type\":\"ListItem\",\"position\":2,\"name\":\"Heid Solutions d&#8217;embrayage et de frein sp\u00e9cialis\u00e9s\"}]},{\"@type\":\"WebSite\",\"@id\":\"https:\/\/heid-canada.com\/fr\/#website\",\"url\":\"https:\/\/heid-canada.com\/fr\/\",\"name\":\"\",\"description\":\"Heid Canada - Embrayages et freins d'ing\u00e9nierie\",\"potentialAction\":[{\"@type\":\"SearchAction\",\"target\":{\"@type\":\"EntryPoint\",\"urlTemplate\":\"https:\/\/heid-canada.com\/fr\/?s={search_term_string}\"},\"query-input\":\"required name=search_term_string\"}],\"inLanguage\":\"fr-FR\"}]}<\/script>\n<!-- \/ Yoast SEO plugin. -->","yoast_head_json":{"title":"Heid Solutions d'embrayage et de frein sp\u00e9cialis\u00e9s -","robots":{"index":"index","follow":"follow","max-snippet":"max-snippet:-1","max-image-preview":"max-image-preview:large","max-video-preview":"max-video-preview:-1"},"canonical":"https:\/\/heid-canada.com\/fr\/heid-solutions-dembrayage-et-de-frein-specialises\/","og_locale":"fr_FR","og_type":"article","og_title":"Heid Solutions d'embrayage et de frein sp\u00e9cialis\u00e9s -","og_description":"Heid Solutions d&#8217;embrayage et de frein sp\u00e9cialis\u00e9s Depuis de nombreuses ann\u00e9es maintenant, les clients de partout dans le monde aime travailler avec HEID Antriebstechnik quand il s&rsquo;agit de solutions personnalis\u00e9es pour des applications non standard. Heid de frein et d&#8217;embrayage sp\u00e9cialis\u00e9s offrent des solutions varie de freins de s\u00e9curit\u00e9 sp\u00e9cial pour un t\u00e9lescope spatial \u00e0\u2026","og_url":"https:\/\/heid-canada.com\/fr\/heid-solutions-dembrayage-et-de-frein-specialises\/","og_image":[{"url":"http:\/\/heid-canada.com\/wp-content\/uploads\/2016\/07\/Heid-USA-Specialized-Solutions-Max-Planck-Institute.jpg"}],"twitter_card":"summary_large_image","twitter_misc":{"Dur\u00e9e de lecture estim\u00e9e":"3 minutes"},"schema":{"@context":"https:\/\/schema.org","@graph":[{"@type":"WebPage","@id":"https:\/\/heid-canada.com\/fr\/heid-solutions-dembrayage-et-de-frein-specialises\/","url":"https:\/\/heid-canada.com\/fr\/heid-solutions-dembrayage-et-de-frein-specialises\/","name":"Heid Solutions d'embrayage et de frein sp\u00e9cialis\u00e9s -","isPartOf":{"@id":"https:\/\/heid-canada.com\/fr\/#website"},"datePublished":"2016-10-25T19:13:56+00:00","dateModified":"2016-10-25T19:13:56+00:00","breadcrumb":{"@id":"https:\/\/heid-canada.com\/fr\/heid-solutions-dembrayage-et-de-frein-specialises\/#breadcrumb"},"inLanguage":"fr-FR","potentialAction":[{"@type":"ReadAction","target":["https:\/\/heid-canada.com\/fr\/heid-solutions-dembrayage-et-de-frein-specialises\/"]}]},{"@type":"BreadcrumbList","@id":"https:\/\/heid-canada.com\/fr\/heid-solutions-dembrayage-et-de-frein-specialises\/#breadcrumb","itemListElement":[{"@type":"ListItem","position":1,"name":"Home","item":"https:\/\/heid-canada.com\/fr\/"},{"@type":"ListItem","position":2,"name":"Heid Solutions d&#8217;embrayage et de frein sp\u00e9cialis\u00e9s"}]},{"@type":"WebSite","@id":"https:\/\/heid-canada.com\/fr\/#website","url":"https:\/\/heid-canada.com\/fr\/","name":"","description":"Heid Canada - Embrayages et freins d'ing\u00e9nierie","potentialAction":[{"@type":"SearchAction","target":{"@type":"EntryPoint","urlTemplate":"https:\/\/heid-canada.com\/fr\/?s={search_term_string}"},"query-input":"required name=search_term_string"}],"inLanguage":"fr-FR"}]}},"_links":{"self":[{"href":"https:\/\/heid-canada.com\/fr\/wp-json\/wp\/v2\/pages\/500"}],"collection":[{"href":"https:\/\/heid-canada.com\/fr\/wp-json\/wp\/v2\/pages"}],"about":[{"href":"https:\/\/heid-canada.com\/fr\/wp-json\/wp\/v2\/types\/page"}],"author":[{"embeddable":true,"href":"https:\/\/heid-canada.com\/fr\/wp-json\/wp\/v2\/users\/1"}],"replies":[{"embeddable":true,"href":"https:\/\/heid-canada.com\/fr\/wp-json\/wp\/v2\/comments?post=500"}],"version-history":[{"count":1,"href":"https:\/\/heid-canada.com\/fr\/wp-json\/wp\/v2\/pages\/500\/revisions"}],"predecessor-version":[{"id":501,"href":"https:\/\/heid-canada.com\/fr\/wp-json\/wp\/v2\/pages\/500\/revisions\/501"}],"wp:attachment":[{"href":"https:\/\/heid-canada.com\/fr\/wp-json\/wp\/v2\/media?parent=500"}],"curies":[{"name":"wp","href":"https:\/\/api.w.org\/{rel}","templated":true}]}}