{"id":502,"date":"2016-10-25T19:19:33","date_gmt":"2016-10-25T19:19:33","guid":{"rendered":"http:\/\/www.heid-canada.com\/fr\/?page_id=502"},"modified":"2016-10-25T19:19:33","modified_gmt":"2016-10-25T19:19:33","slug":"heid-services-dembrayage-et-de-frein","status":"publish","type":"page","link":"https:\/\/heid-canada.com\/fr\/heid-services-dembrayage-et-de-frein\/","title":{"rendered":"Heid Services d&#8217;embrayage et de frein"},"content":{"rendered":"<h1>Heid Services d&#8217;embrayage et de frein<\/h1>\n<p>Heid services d&#8217;embrayage et de frein d&#8217;embrayage et de frein : les r\u00e9parations, pi\u00e8ces d\u00e9tach\u00e9es, mise en service, les essais et la certification.<\/p>\n<div style=\"height: 225px;\">\n<p><img decoding=\"async\" style=\"padding: 1px; border: 1px solid #e0e0e0; float: left; margin: 0px 15px 15px 0px; width: 256px; height: 212px;\" src=\"http:\/\/heid-canada.com\/wp-content\/uploads\/2016\/07\/heid-usa-services-repair-brakes-clutches.jpg\" \/><\/p>\n<h3>Les r\u00e9parations<\/h3>\n<p>La r\u00e9paration d&rsquo;un embrayage ou frein de stationnement est souvent b\u00e9n\u00e9fique, parce qu&rsquo;une remise en etat d&#8217;embrayage ou de vitesse plus rapide et plus rentable. Dans notre usine, nous avons non seulement r\u00e9parer les produits d&rsquo;origine, mais aussi la gare, embrayages et freins de presque tous les fabricants renomm\u00e9s. Par exemple, les nouvelles antennes sont install\u00e9es et les pi\u00e8ces m\u00e9caniques sont produites, avant que le composant est coch\u00e9e, puis finalement livr\u00e9 au client.<\/p>\n<\/div>\n<div style=\"height: 225px;\">\n<p><img decoding=\"async\" style=\"padding: 1px; border: 1px solid #e0e0e0; float: left; margin: 0px 15px 15px 0px; width: 256px; height: 139px;\" src=\"http:\/\/heid-canada.com\/wp-content\/uploads\/2016\/07\/heid-usa-services-spare-parts-brakes-clutches.jpg\" \/><\/p>\n<h3>Pi\u00e8ces de rechange<\/h3>\n<p>Dans notre entrep\u00f4t, le plus important magasin de pi\u00e8ces de rechange d&rsquo;origine pour les embrayages et freins HEID. Nos sp\u00e9cialistes vous aideront \u00e0 identifier la bonne pi\u00e8ce de rechange. Les pi\u00e8ces sont envoy\u00e9es \u00e0 la prestation via express pour tous les pays du monde. Bien entendu, nous garantissons la qualit\u00e9 de fabricant pour tous les articles.<\/p>\n<\/div>\n<div style=\"height: 225px;\">\n<p><img decoding=\"async\" style=\"padding: 1px; border: 1px solid #e0e0e0; float: left; margin: 0px 15px 15px 0px; width: 254px; height: 139px;\" src=\"http:\/\/heid-canada.com\/wp-content\/uploads\/2016\/07\/heid-usa-services-assembling-commissioning-brakes-clutches.jpg\" \/><\/p>\n<h3>Montage &#8211; Mise en service<\/h3>\n<p>Si vous le d\u00e9sirez, nos experts vous aider au cours de l&rsquo;assemblage et l&rsquo;installation de nos freins ou embrayages, afin que le bon fonctionnement de votre application est garantie. Selon les exigences, vous recevrez les assistance t\u00e9l\u00e9phonique ou d&rsquo;assemblage est r\u00e9alis\u00e9 sur place par un de nos sp\u00e9cialistes directement.<\/p>\n<\/div>\n<div style=\"height: 225px;\">\n<p><img decoding=\"async\" style=\"padding: 1px; border: 1px solid #e0e0e0; float: left; margin: 0px 15px 15px 0px; width: 256px; height: 150px;\" src=\"http:\/\/heid-canada.com\/wp-content\/uploads\/2016\/07\/heid-usa-services-testing-certification-brakes-clutches.jpg\" \/><\/p>\n<h3>L&rsquo;essai &#8211; Certification<\/h3>\n<p>L&rsquo;auto-d\u00e9velopp\u00e9s, banc d&rsquo;essai modernes dans notre atelier installation est utilis\u00e9 pour tester plusieurs produits afin de v\u00e9rifier et d&rsquo;\u00e9valuer tous les crit\u00e8res de qualit\u00e9. HEID offre \u00e9galement ce service pour autres embrayages et freins (d&rsquo;autres fabricants). Nous sommes en mesure d&rsquo;effectuer des essais statiques et dynamiques, l&rsquo;inspection de la commutation et la commande, ainsi que des tests d&rsquo;endurance et de vie. Tous les r\u00e9sultats et constatations peuvent \u00e9galement \u00eatre certifi\u00e9s.<\/p>\n<\/div>\n<p><a href=\"http:\/\/heid-canada.com\/wp-content\/uploads\/2016\/06\/HEID-Catalog.zip\"><img decoding=\"async\" class=\"alignnone wp-image-313\" src=\"http:\/\/heid-canada.com\/wp-content\/uploads\/2016\/07\/pdf-logo-transparent-150x150-11.png\" alt=\"HEID USA Catalog\" width=\"30\" height=\"30\" \/><\/a>\u00a0HEID USA Catalog<\/p>\n","protected":false},"excerpt":{"rendered":"<p>Heid Services d&#8217;embrayage et de frein Heid services d&#8217;embrayage et de frein d&#8217;embrayage et de frein : les r\u00e9parations, pi\u00e8ces d\u00e9tach\u00e9es, mise en service, les essais et la certification. Les r\u00e9parations La r\u00e9paration d&rsquo;un embrayage ou frein de stationnement est souvent b\u00e9n\u00e9fique, parce qu&rsquo;une remise en etat d&#8217;embrayage ou de vitesse plus rapide et plus\u2026<\/p>\n","protected":false},"author":1,"featured_media":0,"parent":0,"menu_order":0,"comment_status":"closed","ping_status":"closed","template":"fullwidth.php","meta":{"footnotes":""},"yoast_head":"<!-- This site is optimized with the Yoast SEO plugin v21.6 - https:\/\/yoast.com\/wordpress\/plugins\/seo\/ -->\n<title>Heid Services d&#039;embrayage et de frein -<\/title>\n<meta name=\"robots\" content=\"index, follow, max-snippet:-1, max-image-preview:large, max-video-preview:-1\" \/>\n<link rel=\"canonical\" href=\"https:\/\/heid-canada.com\/fr\/heid-services-dembrayage-et-de-frein\/\" \/>\n<meta property=\"og:locale\" content=\"fr_FR\" \/>\n<meta property=\"og:type\" content=\"article\" \/>\n<meta property=\"og:title\" content=\"Heid Services d&#039;embrayage et de frein -\" \/>\n<meta property=\"og:description\" content=\"Heid Services d&#8217;embrayage et de frein Heid services d&#8217;embrayage et de frein d&#8217;embrayage et de frein : les r\u00e9parations, pi\u00e8ces d\u00e9tach\u00e9es, mise en service, les essais et la certification. Les r\u00e9parations La r\u00e9paration d&rsquo;un embrayage ou frein de stationnement est souvent b\u00e9n\u00e9fique, parce qu&rsquo;une remise en etat d&#8217;embrayage ou de vitesse plus rapide et plus\u2026\" \/>\n<meta property=\"og:url\" content=\"https:\/\/heid-canada.com\/fr\/heid-services-dembrayage-et-de-frein\/\" \/>\n<meta property=\"og:image\" content=\"http:\/\/heid-canada.com\/wp-content\/uploads\/2016\/07\/heid-usa-services-repair-brakes-clutches.jpg\" \/>\n<meta name=\"twitter:card\" content=\"summary_large_image\" \/>\n<meta name=\"twitter:label1\" content=\"Dur\u00e9e de lecture estim\u00e9e\" \/>\n\t<meta name=\"twitter:data1\" content=\"2 minutes\" \/>\n<script type=\"application\/ld+json\" class=\"yoast-schema-graph\">{\"@context\":\"https:\/\/schema.org\",\"@graph\":[{\"@type\":\"WebPage\",\"@id\":\"https:\/\/heid-canada.com\/fr\/heid-services-dembrayage-et-de-frein\/\",\"url\":\"https:\/\/heid-canada.com\/fr\/heid-services-dembrayage-et-de-frein\/\",\"name\":\"Heid Services d'embrayage et de frein -\",\"isPartOf\":{\"@id\":\"https:\/\/heid-canada.com\/fr\/#website\"},\"datePublished\":\"2016-10-25T19:19:33+00:00\",\"dateModified\":\"2016-10-25T19:19:33+00:00\",\"breadcrumb\":{\"@id\":\"https:\/\/heid-canada.com\/fr\/heid-services-dembrayage-et-de-frein\/#breadcrumb\"},\"inLanguage\":\"fr-FR\",\"potentialAction\":[{\"@type\":\"ReadAction\",\"target\":[\"https:\/\/heid-canada.com\/fr\/heid-services-dembrayage-et-de-frein\/\"]}]},{\"@type\":\"BreadcrumbList\",\"@id\":\"https:\/\/heid-canada.com\/fr\/heid-services-dembrayage-et-de-frein\/#breadcrumb\",\"itemListElement\":[{\"@type\":\"ListItem\",\"position\":1,\"name\":\"Home\",\"item\":\"https:\/\/heid-canada.com\/fr\/\"},{\"@type\":\"ListItem\",\"position\":2,\"name\":\"Heid Services d&#8217;embrayage et de frein\"}]},{\"@type\":\"WebSite\",\"@id\":\"https:\/\/heid-canada.com\/fr\/#website\",\"url\":\"https:\/\/heid-canada.com\/fr\/\",\"name\":\"\",\"description\":\"Heid Canada - Embrayages et freins d'ing\u00e9nierie\",\"potentialAction\":[{\"@type\":\"SearchAction\",\"target\":{\"@type\":\"EntryPoint\",\"urlTemplate\":\"https:\/\/heid-canada.com\/fr\/?s={search_term_string}\"},\"query-input\":\"required name=search_term_string\"}],\"inLanguage\":\"fr-FR\"}]}<\/script>\n<!-- \/ Yoast SEO plugin. -->","yoast_head_json":{"title":"Heid Services d'embrayage et de frein -","robots":{"index":"index","follow":"follow","max-snippet":"max-snippet:-1","max-image-preview":"max-image-preview:large","max-video-preview":"max-video-preview:-1"},"canonical":"https:\/\/heid-canada.com\/fr\/heid-services-dembrayage-et-de-frein\/","og_locale":"fr_FR","og_type":"article","og_title":"Heid Services d'embrayage et de frein -","og_description":"Heid Services d&#8217;embrayage et de frein Heid services d&#8217;embrayage et de frein d&#8217;embrayage et de frein : les r\u00e9parations, pi\u00e8ces d\u00e9tach\u00e9es, mise en service, les essais et la certification. Les r\u00e9parations La r\u00e9paration d&rsquo;un embrayage ou frein de stationnement est souvent b\u00e9n\u00e9fique, parce qu&rsquo;une remise en etat d&#8217;embrayage ou de vitesse plus rapide et plus\u2026","og_url":"https:\/\/heid-canada.com\/fr\/heid-services-dembrayage-et-de-frein\/","og_image":[{"url":"http:\/\/heid-canada.com\/wp-content\/uploads\/2016\/07\/heid-usa-services-repair-brakes-clutches.jpg"}],"twitter_card":"summary_large_image","twitter_misc":{"Dur\u00e9e de lecture estim\u00e9e":"2 minutes"},"schema":{"@context":"https:\/\/schema.org","@graph":[{"@type":"WebPage","@id":"https:\/\/heid-canada.com\/fr\/heid-services-dembrayage-et-de-frein\/","url":"https:\/\/heid-canada.com\/fr\/heid-services-dembrayage-et-de-frein\/","name":"Heid Services d'embrayage et de frein -","isPartOf":{"@id":"https:\/\/heid-canada.com\/fr\/#website"},"datePublished":"2016-10-25T19:19:33+00:00","dateModified":"2016-10-25T19:19:33+00:00","breadcrumb":{"@id":"https:\/\/heid-canada.com\/fr\/heid-services-dembrayage-et-de-frein\/#breadcrumb"},"inLanguage":"fr-FR","potentialAction":[{"@type":"ReadAction","target":["https:\/\/heid-canada.com\/fr\/heid-services-dembrayage-et-de-frein\/"]}]},{"@type":"BreadcrumbList","@id":"https:\/\/heid-canada.com\/fr\/heid-services-dembrayage-et-de-frein\/#breadcrumb","itemListElement":[{"@type":"ListItem","position":1,"name":"Home","item":"https:\/\/heid-canada.com\/fr\/"},{"@type":"ListItem","position":2,"name":"Heid Services d&#8217;embrayage et de frein"}]},{"@type":"WebSite","@id":"https:\/\/heid-canada.com\/fr\/#website","url":"https:\/\/heid-canada.com\/fr\/","name":"","description":"Heid Canada - Embrayages et freins d'ing\u00e9nierie","potentialAction":[{"@type":"SearchAction","target":{"@type":"EntryPoint","urlTemplate":"https:\/\/heid-canada.com\/fr\/?s={search_term_string}"},"query-input":"required name=search_term_string"}],"inLanguage":"fr-FR"}]}},"_links":{"self":[{"href":"https:\/\/heid-canada.com\/fr\/wp-json\/wp\/v2\/pages\/502"}],"collection":[{"href":"https:\/\/heid-canada.com\/fr\/wp-json\/wp\/v2\/pages"}],"about":[{"href":"https:\/\/heid-canada.com\/fr\/wp-json\/wp\/v2\/types\/page"}],"author":[{"embeddable":true,"href":"https:\/\/heid-canada.com\/fr\/wp-json\/wp\/v2\/users\/1"}],"replies":[{"embeddable":true,"href":"https:\/\/heid-canada.com\/fr\/wp-json\/wp\/v2\/comments?post=502"}],"version-history":[{"count":1,"href":"https:\/\/heid-canada.com\/fr\/wp-json\/wp\/v2\/pages\/502\/revisions"}],"predecessor-version":[{"id":503,"href":"https:\/\/heid-canada.com\/fr\/wp-json\/wp\/v2\/pages\/502\/revisions\/503"}],"wp:attachment":[{"href":"https:\/\/heid-canada.com\/fr\/wp-json\/wp\/v2\/media?parent=502"}],"curies":[{"name":"wp","href":"https:\/\/api.w.org\/{rel}","templated":true}]}}