{"id":505,"date":"2016-10-25T19:38:23","date_gmt":"2016-10-25T19:38:23","guid":{"rendered":"http:\/\/www.heid-canada.com\/fr\/?page_id=505"},"modified":"2016-10-25T19:38:23","modified_gmt":"2016-10-25T19:38:23","slug":"contact-heid-canada","status":"publish","type":"page","link":"https:\/\/heid-canada.com\/fr\/contact-heid-canada\/","title":{"rendered":"Contact Heid Canada"},"content":{"rendered":"<table style=\"width: 100%;\">\n<tbody>\n<tr>\n<td style=\"width: 40%; text-align: left; border: 0px; padding-top: 1px;\">\n<h1 style=\"color: #0a579a;\">Contactez-nous<\/h1>\n<p>Contactez HEID , nous nous sp\u00e9cialisons dans la fabrication d&#8217;embrayages et freins. Nos produits s&rsquo;adapter aux besoins de nos clients dans une large gamme d&rsquo;applications industrielles. Nos dessins des effets \u00e9lectromagn\u00e9tiques, hydrauliques et pneumatiques des op\u00e9rations d&#8217;embrayage et de frein.<\/p>\n<p><a href=\"http:\/\/heid-canada.com\/wp-content\/uploads\/2016\/06\/HEID-Catalog.zip\"><img decoding=\"async\" class=\"alignnone wp-image-313\" src=\"http:\/\/heid-canada.com\/wp-content\/uploads\/2016\/07\/pdf-logo-transparent-150x150-11.png\" alt=\"HEID USA Catalog\" width=\"30\" height=\"30\" \/><\/a>\u00a0HEID USA Catalog<\/td>\n<td style=\"width: 35%; text-align: left; border: 0px; padding-top: 10px;\">\n<div class=\"wpcf7 no-js\" id=\"wpcf7-f504-o1\" lang=\"en-US\" dir=\"ltr\">\n<div class=\"screen-reader-response\"><p role=\"status\" aria-live=\"polite\" aria-atomic=\"true\"><\/p> <ul><\/ul><\/div>\n<form action=\"\/fr\/wp-json\/wp\/v2\/pages\/505#wpcf7-f504-o1\" method=\"post\" class=\"wpcf7-form init\" aria-label=\"Contact form\" novalidate=\"novalidate\" data-status=\"init\">\n<div style=\"display: none;\">\n<input type=\"hidden\" name=\"_wpcf7\" value=\"504\" \/>\n<input type=\"hidden\" name=\"_wpcf7_version\" value=\"5.8.4\" \/>\n<input type=\"hidden\" name=\"_wpcf7_locale\" value=\"en_US\" \/>\n<input type=\"hidden\" name=\"_wpcf7_unit_tag\" value=\"wpcf7-f504-o1\" \/>\n<input type=\"hidden\" name=\"_wpcf7_container_post\" value=\"0\" \/>\n<input type=\"hidden\" name=\"_wpcf7_posted_data_hash\" value=\"\" \/>\n<input type=\"hidden\" name=\"_wpcf7_recaptcha_response\" value=\"\" \/>\n<\/div>\n<p><label> Nom (n\u00e9cessaire)<br \/>\n<span class=\"wpcf7-form-control-wrap\" data-name=\"your-name\"><input size=\"40\" class=\"wpcf7-form-control wpcf7-text wpcf7-validates-as-required\" aria-required=\"true\" aria-invalid=\"false\" value=\"\" type=\"text\" name=\"your-name\" \/><\/span> <\/label>\n<\/p>\n<p><label> Courriel (n\u00e9cessaire)<br \/>\n<span class=\"wpcf7-form-control-wrap\" data-name=\"your-email\"><input size=\"40\" class=\"wpcf7-form-control wpcf7-email wpcf7-validates-as-required wpcf7-text wpcf7-validates-as-email\" aria-required=\"true\" aria-invalid=\"false\" value=\"\" type=\"email\" name=\"your-email\" \/><\/span> <\/label>\n<\/p>\n<p><label> Sujet<br \/>\n<span class=\"wpcf7-form-control-wrap\" data-name=\"your-subject\"><input size=\"40\" class=\"wpcf7-form-control wpcf7-text\" aria-invalid=\"false\" value=\"\" type=\"text\" name=\"your-subject\" \/><\/span> <\/label>\n<\/p>\n<p><label> Message<br \/>\n<span class=\"wpcf7-form-control-wrap\" data-name=\"your-message\"><textarea cols=\"40\" rows=\"10\" class=\"wpcf7-form-control wpcf7-textarea\" aria-invalid=\"false\" name=\"your-message\"><\/textarea><\/span> <\/label>\n<\/p>\n\n<p><label>&nbsp;<\/label><br \/>\n<input class=\"wpcf7-form-control wpcf7-submit has-spinner\" type=\"submit\" value=\"Send\" \/>\n<\/p><div class=\"wpcf7-response-output\" aria-hidden=\"true\"><\/div>\n<\/form>\n<\/div>\n<\/td>\n<td style=\"width: 25%; text-align: left; border: 0px;\"><img decoding=\"async\" class=\"alignnone\" title=\"Contact HEID USA\" src=\"http:\/\/heid-canada.com\/wp-content\/uploads\/2016\/05\/HEID-contact-SIDE.jpg\" alt=\"Contact HEID USA\" width=\"167\" height=\"794\" \/><\/td>\n<\/tr>\n<\/tbody>\n<\/table>\n","protected":false},"excerpt":{"rendered":"<p>Contactez-nous Contactez HEID , nous nous sp\u00e9cialisons dans la fabrication d&#8217;embrayages et freins. Nos produits s&rsquo;adapter aux besoins de nos clients dans une large gamme d&rsquo;applications industrielles. Nos dessins des effets \u00e9lectromagn\u00e9tiques, hydrauliques et pneumatiques des op\u00e9rations d&#8217;embrayage et de frein. \u00a0HEID USA Catalog<\/p>\n","protected":false},"author":1,"featured_media":0,"parent":0,"menu_order":0,"comment_status":"closed","ping_status":"closed","template":"fullwidth.php","meta":{"footnotes":""},"yoast_head":"<!-- This site is optimized with the Yoast SEO plugin v21.6 - https:\/\/yoast.com\/wordpress\/plugins\/seo\/ -->\n<title>Contact Heid Canada -<\/title>\n<meta name=\"robots\" content=\"index, follow, max-snippet:-1, max-image-preview:large, max-video-preview:-1\" \/>\n<link rel=\"canonical\" href=\"https:\/\/heid-canada.com\/fr\/contact-heid-canada\/\" \/>\n<meta property=\"og:locale\" content=\"fr_FR\" \/>\n<meta property=\"og:type\" content=\"article\" \/>\n<meta property=\"og:title\" content=\"Contact Heid Canada -\" \/>\n<meta property=\"og:description\" content=\"Contactez-nous Contactez HEID , nous nous sp\u00e9cialisons dans la fabrication d&#8217;embrayages et freins. Nos produits s&rsquo;adapter aux besoins de nos clients dans une large gamme d&rsquo;applications industrielles. Nos dessins des effets \u00e9lectromagn\u00e9tiques, hydrauliques et pneumatiques des op\u00e9rations d&#8217;embrayage et de frein. \u00a0HEID USA Catalog\" \/>\n<meta property=\"og:url\" content=\"https:\/\/heid-canada.com\/fr\/contact-heid-canada\/\" \/>\n<meta property=\"og:image\" content=\"http:\/\/heid-canada.com\/wp-content\/uploads\/2016\/07\/pdf-logo-transparent-150x150-11.png\" \/>\n<meta name=\"twitter:card\" content=\"summary_large_image\" \/>\n<script type=\"application\/ld+json\" class=\"yoast-schema-graph\">{\"@context\":\"https:\/\/schema.org\",\"@graph\":[{\"@type\":\"WebPage\",\"@id\":\"https:\/\/heid-canada.com\/fr\/contact-heid-canada\/\",\"url\":\"https:\/\/heid-canada.com\/fr\/contact-heid-canada\/\",\"name\":\"Contact Heid Canada -\",\"isPartOf\":{\"@id\":\"https:\/\/heid-canada.com\/fr\/#website\"},\"datePublished\":\"2016-10-25T19:38:23+00:00\",\"dateModified\":\"2016-10-25T19:38:23+00:00\",\"breadcrumb\":{\"@id\":\"https:\/\/heid-canada.com\/fr\/contact-heid-canada\/#breadcrumb\"},\"inLanguage\":\"fr-FR\",\"potentialAction\":[{\"@type\":\"ReadAction\",\"target\":[\"https:\/\/heid-canada.com\/fr\/contact-heid-canada\/\"]}]},{\"@type\":\"BreadcrumbList\",\"@id\":\"https:\/\/heid-canada.com\/fr\/contact-heid-canada\/#breadcrumb\",\"itemListElement\":[{\"@type\":\"ListItem\",\"position\":1,\"name\":\"Home\",\"item\":\"https:\/\/heid-canada.com\/fr\/\"},{\"@type\":\"ListItem\",\"position\":2,\"name\":\"Contact Heid Canada\"}]},{\"@type\":\"WebSite\",\"@id\":\"https:\/\/heid-canada.com\/fr\/#website\",\"url\":\"https:\/\/heid-canada.com\/fr\/\",\"name\":\"\",\"description\":\"Heid Canada - Embrayages et freins d'ing\u00e9nierie\",\"potentialAction\":[{\"@type\":\"SearchAction\",\"target\":{\"@type\":\"EntryPoint\",\"urlTemplate\":\"https:\/\/heid-canada.com\/fr\/?s={search_term_string}\"},\"query-input\":\"required name=search_term_string\"}],\"inLanguage\":\"fr-FR\"}]}<\/script>\n<!-- \/ Yoast SEO plugin. -->","yoast_head_json":{"title":"Contact Heid Canada -","robots":{"index":"index","follow":"follow","max-snippet":"max-snippet:-1","max-image-preview":"max-image-preview:large","max-video-preview":"max-video-preview:-1"},"canonical":"https:\/\/heid-canada.com\/fr\/contact-heid-canada\/","og_locale":"fr_FR","og_type":"article","og_title":"Contact Heid Canada -","og_description":"Contactez-nous Contactez HEID , nous nous sp\u00e9cialisons dans la fabrication d&#8217;embrayages et freins. Nos produits s&rsquo;adapter aux besoins de nos clients dans une large gamme d&rsquo;applications industrielles. Nos dessins des effets \u00e9lectromagn\u00e9tiques, hydrauliques et pneumatiques des op\u00e9rations d&#8217;embrayage et de frein. \u00a0HEID USA Catalog","og_url":"https:\/\/heid-canada.com\/fr\/contact-heid-canada\/","og_image":[{"url":"http:\/\/heid-canada.com\/wp-content\/uploads\/2016\/07\/pdf-logo-transparent-150x150-11.png"}],"twitter_card":"summary_large_image","schema":{"@context":"https:\/\/schema.org","@graph":[{"@type":"WebPage","@id":"https:\/\/heid-canada.com\/fr\/contact-heid-canada\/","url":"https:\/\/heid-canada.com\/fr\/contact-heid-canada\/","name":"Contact Heid Canada -","isPartOf":{"@id":"https:\/\/heid-canada.com\/fr\/#website"},"datePublished":"2016-10-25T19:38:23+00:00","dateModified":"2016-10-25T19:38:23+00:00","breadcrumb":{"@id":"https:\/\/heid-canada.com\/fr\/contact-heid-canada\/#breadcrumb"},"inLanguage":"fr-FR","potentialAction":[{"@type":"ReadAction","target":["https:\/\/heid-canada.com\/fr\/contact-heid-canada\/"]}]},{"@type":"BreadcrumbList","@id":"https:\/\/heid-canada.com\/fr\/contact-heid-canada\/#breadcrumb","itemListElement":[{"@type":"ListItem","position":1,"name":"Home","item":"https:\/\/heid-canada.com\/fr\/"},{"@type":"ListItem","position":2,"name":"Contact Heid Canada"}]},{"@type":"WebSite","@id":"https:\/\/heid-canada.com\/fr\/#website","url":"https:\/\/heid-canada.com\/fr\/","name":"","description":"Heid Canada - Embrayages et freins d'ing\u00e9nierie","potentialAction":[{"@type":"SearchAction","target":{"@type":"EntryPoint","urlTemplate":"https:\/\/heid-canada.com\/fr\/?s={search_term_string}"},"query-input":"required name=search_term_string"}],"inLanguage":"fr-FR"}]}},"_links":{"self":[{"href":"https:\/\/heid-canada.com\/fr\/wp-json\/wp\/v2\/pages\/505"}],"collection":[{"href":"https:\/\/heid-canada.com\/fr\/wp-json\/wp\/v2\/pages"}],"about":[{"href":"https:\/\/heid-canada.com\/fr\/wp-json\/wp\/v2\/types\/page"}],"author":[{"embeddable":true,"href":"https:\/\/heid-canada.com\/fr\/wp-json\/wp\/v2\/users\/1"}],"replies":[{"embeddable":true,"href":"https:\/\/heid-canada.com\/fr\/wp-json\/wp\/v2\/comments?post=505"}],"version-history":[{"count":1,"href":"https:\/\/heid-canada.com\/fr\/wp-json\/wp\/v2\/pages\/505\/revisions"}],"predecessor-version":[{"id":506,"href":"https:\/\/heid-canada.com\/fr\/wp-json\/wp\/v2\/pages\/505\/revisions\/506"}],"wp:attachment":[{"href":"https:\/\/heid-canada.com\/fr\/wp-json\/wp\/v2\/media?parent=505"}],"curies":[{"name":"wp","href":"https:\/\/api.w.org\/{rel}","templated":true}]}}