{"id":511,"date":"2016-10-25T21:18:27","date_gmt":"2016-10-25T21:18:27","guid":{"rendered":"http:\/\/www.heid-canada.com\/fr\/?page_id=511"},"modified":"2016-10-25T21:52:40","modified_gmt":"2016-10-25T21:52:40","slug":"solutions-dentrainement-maritime-bateau-hybride","status":"publish","type":"page","link":"https:\/\/heid-canada.com\/fr\/solutions-dentrainement-maritime-bateau-hybride\/","title":{"rendered":"Solutions d&rsquo;entra\u00eenement maritime bateau hybride"},"content":{"rendered":"<h1 style=\"text-align: left; color: #0a579a;\">Solutions d&rsquo;entra\u00eenement maritime bateau hybride<\/h1>\n<nav class=\"hnav\">\n<ul>\n<li><a href=\"\/?page_id=508\">L\u2019entra\u00eenement principal<\/a><\/li>\n<li><a href=\"\/?page_id=511\">D\u2019entra\u00eenement bateau hybride<\/a><\/li>\n<li><a href=\"\/?page_id=515\">Treuil d\u2019Ancre<\/a><\/li>\n<li><a href=\"\/?page_id=517\">Treuil remorqueur<\/a><\/li>\n<li><a href=\"\/?page_id=521\">Bateau de d\u00e9barquement<\/a><\/li>\n<li><a href=\"\/?page_id=523\">Syst\u00e8me de r\u00e9f\u00e9rence Horizon<\/a><\/li>\n<\/ul>\n<\/nav>\n<hr \/>\n<div class=\"mtime1\"><img decoding=\"async\" class=\"alignnone size-full wp-image-513\" src=\"http:\/\/heid-canada.com\/wp-content\/uploads\/2016\/10\/heid-drive-air-pullution-venice.jpg\" alt=\"heid-drive-air-pullution-venice\" width=\"900\" height=\"600\" srcset=\"https:\/\/heid-canada.com\/wp-content\/uploads\/2016\/10\/heid-drive-air-pullution-venice.jpg 900w, https:\/\/heid-canada.com\/wp-content\/uploads\/2016\/10\/heid-drive-air-pullution-venice-300x200.jpg 300w, https:\/\/heid-canada.com\/wp-content\/uploads\/2016\/10\/heid-drive-air-pullution-venice-768x512.jpg 768w\" sizes=\"(max-width: 900px) 100vw, 900px\" \/><\/div>\n<div class=\"mtime2\"><img decoding=\"async\" class=\"alignnone size-full wp-image-384\" style=\"width: 100%; height: auto;\" src=\"http:\/\/heid-canada.com\/wp-content\/uploads\/2016\/10\/maritime-hybrid-boat-drive-boat.jpg\" alt=\"maritime-hybrid-boat-drive-boat\" width=\"450\" height=\"340\" srcset=\"https:\/\/heid-canada.com\/wp-content\/uploads\/2016\/10\/maritime-hybrid-boat-drive-boat.jpg 458w, https:\/\/heid-canada.com\/wp-content\/uploads\/2016\/10\/maritime-hybrid-boat-drive-boat-300x227.jpg 300w\" sizes=\"(max-width: 450px) 100vw, 450px\" \/><\/div>\n<div class=\"mtime2\" style=\"width: 100%; height: auto;\"><img decoding=\"async\" class=\"alignnone size-full wp-image-386\" src=\"http:\/\/heid-canada.com\/wp-content\/uploads\/2016\/10\/maritime-20.jpg\" alt=\"maritime-20\" width=\"450\" height=\"186\" srcset=\"https:\/\/heid-canada.com\/wp-content\/uploads\/2016\/10\/maritime-20.jpg 490w, https:\/\/heid-canada.com\/wp-content\/uploads\/2016\/10\/maritime-20-300x124.jpg 300w\" sizes=\"(max-width: 450px) 100vw, 450px\" \/><\/div>\n<div class=\"mtime2\">\n<h2 style=\"text-align: center; color: #0a579a;\">Basculer entre diesel et \u00e9lectrique ; le lecteur \u00ab\u00a0hybride\u00a0\u00bb.<\/h2>\n<\/div>\n<div class=\"mtime2\"><img decoding=\"async\" class=\"alignnone size-full wp-image-388\" style=\"width: 100%; height: auto;\" src=\"http:\/\/heid-canada.com\/wp-content\/uploads\/2016\/10\/maritime-22.jpg\" alt=\"maritime-22\" width=\"260\" height=\"306\" srcset=\"https:\/\/heid-canada.com\/wp-content\/uploads\/2016\/10\/maritime-22.jpg 260w, https:\/\/heid-canada.com\/wp-content\/uploads\/2016\/10\/maritime-22-255x300.jpg 255w\" sizes=\"(max-width: 260px) 100vw, 260px\" \/><\/div>\n","protected":false},"excerpt":{"rendered":"<p>Solutions d&rsquo;entra\u00eenement maritime bateau hybride L\u2019entra\u00eenement principal D\u2019entra\u00eenement bateau hybride Treuil d\u2019Ancre Treuil remorqueur Bateau de d\u00e9barquement Syst\u00e8me de r\u00e9f\u00e9rence Horizon Basculer entre diesel et \u00e9lectrique ; le lecteur \u00ab\u00a0hybride\u00a0\u00bb.<\/p>\n","protected":false},"author":1,"featured_media":0,"parent":0,"menu_order":0,"comment_status":"closed","ping_status":"closed","template":"fullwidth.php","meta":{"footnotes":""},"yoast_head":"<!-- This site is optimized with the Yoast SEO plugin v21.6 - https:\/\/yoast.com\/wordpress\/plugins\/seo\/ -->\n<title>Solutions d&#039;entra\u00eenement maritime bateau hybride -<\/title>\n<meta name=\"robots\" content=\"index, follow, max-snippet:-1, max-image-preview:large, max-video-preview:-1\" \/>\n<link rel=\"canonical\" href=\"https:\/\/heid-canada.com\/fr\/solutions-dentrainement-maritime-bateau-hybride\/\" \/>\n<meta property=\"og:locale\" content=\"fr_FR\" \/>\n<meta property=\"og:type\" content=\"article\" \/>\n<meta property=\"og:title\" content=\"Solutions d&#039;entra\u00eenement maritime bateau hybride -\" \/>\n<meta property=\"og:description\" content=\"Solutions d&rsquo;entra\u00eenement maritime bateau hybride L\u2019entra\u00eenement principal D\u2019entra\u00eenement bateau hybride Treuil d\u2019Ancre Treuil remorqueur Bateau de d\u00e9barquement Syst\u00e8me de r\u00e9f\u00e9rence Horizon Basculer entre diesel et \u00e9lectrique ; le lecteur \u00ab\u00a0hybride\u00a0\u00bb.\" \/>\n<meta property=\"og:url\" content=\"https:\/\/heid-canada.com\/fr\/solutions-dentrainement-maritime-bateau-hybride\/\" \/>\n<meta property=\"article:modified_time\" content=\"2016-10-25T21:52:40+00:00\" \/>\n<meta property=\"og:image\" content=\"http:\/\/heid-canada.com\/wp-content\/uploads\/2016\/10\/heid-drive-air-pullution-venice.jpg\" \/>\n<meta name=\"twitter:card\" content=\"summary_large_image\" \/>\n<script type=\"application\/ld+json\" class=\"yoast-schema-graph\">{\"@context\":\"https:\/\/schema.org\",\"@graph\":[{\"@type\":\"WebPage\",\"@id\":\"https:\/\/heid-canada.com\/fr\/solutions-dentrainement-maritime-bateau-hybride\/\",\"url\":\"https:\/\/heid-canada.com\/fr\/solutions-dentrainement-maritime-bateau-hybride\/\",\"name\":\"Solutions d'entra\u00eenement maritime bateau hybride -\",\"isPartOf\":{\"@id\":\"https:\/\/heid-canada.com\/fr\/#website\"},\"datePublished\":\"2016-10-25T21:18:27+00:00\",\"dateModified\":\"2016-10-25T21:52:40+00:00\",\"breadcrumb\":{\"@id\":\"https:\/\/heid-canada.com\/fr\/solutions-dentrainement-maritime-bateau-hybride\/#breadcrumb\"},\"inLanguage\":\"fr-FR\",\"potentialAction\":[{\"@type\":\"ReadAction\",\"target\":[\"https:\/\/heid-canada.com\/fr\/solutions-dentrainement-maritime-bateau-hybride\/\"]}]},{\"@type\":\"BreadcrumbList\",\"@id\":\"https:\/\/heid-canada.com\/fr\/solutions-dentrainement-maritime-bateau-hybride\/#breadcrumb\",\"itemListElement\":[{\"@type\":\"ListItem\",\"position\":1,\"name\":\"Home\",\"item\":\"https:\/\/heid-canada.com\/fr\/\"},{\"@type\":\"ListItem\",\"position\":2,\"name\":\"Solutions d&#8217;entra\u00eenement maritime bateau hybride\"}]},{\"@type\":\"WebSite\",\"@id\":\"https:\/\/heid-canada.com\/fr\/#website\",\"url\":\"https:\/\/heid-canada.com\/fr\/\",\"name\":\"\",\"description\":\"Heid Canada - Embrayages et freins d'ing\u00e9nierie\",\"potentialAction\":[{\"@type\":\"SearchAction\",\"target\":{\"@type\":\"EntryPoint\",\"urlTemplate\":\"https:\/\/heid-canada.com\/fr\/?s={search_term_string}\"},\"query-input\":\"required name=search_term_string\"}],\"inLanguage\":\"fr-FR\"}]}<\/script>\n<!-- \/ Yoast SEO plugin. -->","yoast_head_json":{"title":"Solutions d'entra\u00eenement maritime bateau hybride -","robots":{"index":"index","follow":"follow","max-snippet":"max-snippet:-1","max-image-preview":"max-image-preview:large","max-video-preview":"max-video-preview:-1"},"canonical":"https:\/\/heid-canada.com\/fr\/solutions-dentrainement-maritime-bateau-hybride\/","og_locale":"fr_FR","og_type":"article","og_title":"Solutions d'entra\u00eenement maritime bateau hybride -","og_description":"Solutions d&rsquo;entra\u00eenement maritime bateau hybride L\u2019entra\u00eenement principal D\u2019entra\u00eenement bateau hybride Treuil d\u2019Ancre Treuil remorqueur Bateau de d\u00e9barquement Syst\u00e8me de r\u00e9f\u00e9rence Horizon Basculer entre diesel et \u00e9lectrique ; le lecteur \u00ab\u00a0hybride\u00a0\u00bb.","og_url":"https:\/\/heid-canada.com\/fr\/solutions-dentrainement-maritime-bateau-hybride\/","article_modified_time":"2016-10-25T21:52:40+00:00","og_image":[{"url":"http:\/\/heid-canada.com\/wp-content\/uploads\/2016\/10\/heid-drive-air-pullution-venice.jpg"}],"twitter_card":"summary_large_image","schema":{"@context":"https:\/\/schema.org","@graph":[{"@type":"WebPage","@id":"https:\/\/heid-canada.com\/fr\/solutions-dentrainement-maritime-bateau-hybride\/","url":"https:\/\/heid-canada.com\/fr\/solutions-dentrainement-maritime-bateau-hybride\/","name":"Solutions d'entra\u00eenement maritime bateau hybride -","isPartOf":{"@id":"https:\/\/heid-canada.com\/fr\/#website"},"datePublished":"2016-10-25T21:18:27+00:00","dateModified":"2016-10-25T21:52:40+00:00","breadcrumb":{"@id":"https:\/\/heid-canada.com\/fr\/solutions-dentrainement-maritime-bateau-hybride\/#breadcrumb"},"inLanguage":"fr-FR","potentialAction":[{"@type":"ReadAction","target":["https:\/\/heid-canada.com\/fr\/solutions-dentrainement-maritime-bateau-hybride\/"]}]},{"@type":"BreadcrumbList","@id":"https:\/\/heid-canada.com\/fr\/solutions-dentrainement-maritime-bateau-hybride\/#breadcrumb","itemListElement":[{"@type":"ListItem","position":1,"name":"Home","item":"https:\/\/heid-canada.com\/fr\/"},{"@type":"ListItem","position":2,"name":"Solutions d&#8217;entra\u00eenement maritime bateau hybride"}]},{"@type":"WebSite","@id":"https:\/\/heid-canada.com\/fr\/#website","url":"https:\/\/heid-canada.com\/fr\/","name":"","description":"Heid Canada - Embrayages et freins d'ing\u00e9nierie","potentialAction":[{"@type":"SearchAction","target":{"@type":"EntryPoint","urlTemplate":"https:\/\/heid-canada.com\/fr\/?s={search_term_string}"},"query-input":"required name=search_term_string"}],"inLanguage":"fr-FR"}]}},"_links":{"self":[{"href":"https:\/\/heid-canada.com\/fr\/wp-json\/wp\/v2\/pages\/511"}],"collection":[{"href":"https:\/\/heid-canada.com\/fr\/wp-json\/wp\/v2\/pages"}],"about":[{"href":"https:\/\/heid-canada.com\/fr\/wp-json\/wp\/v2\/types\/page"}],"author":[{"embeddable":true,"href":"https:\/\/heid-canada.com\/fr\/wp-json\/wp\/v2\/users\/1"}],"replies":[{"embeddable":true,"href":"https:\/\/heid-canada.com\/fr\/wp-json\/wp\/v2\/comments?post=511"}],"version-history":[{"count":3,"href":"https:\/\/heid-canada.com\/fr\/wp-json\/wp\/v2\/pages\/511\/revisions"}],"predecessor-version":[{"id":530,"href":"https:\/\/heid-canada.com\/fr\/wp-json\/wp\/v2\/pages\/511\/revisions\/530"}],"wp:attachment":[{"href":"https:\/\/heid-canada.com\/fr\/wp-json\/wp\/v2\/media?parent=511"}],"curies":[{"name":"wp","href":"https:\/\/api.w.org\/{rel}","templated":true}]}}