{"id":515,"date":"2016-10-25T21:34:06","date_gmt":"2016-10-25T21:34:06","guid":{"rendered":"http:\/\/www.heid-canada.com\/fr\/?page_id=515"},"modified":"2016-10-25T21:53:20","modified_gmt":"2016-10-25T21:53:20","slug":"treuil-dancre","status":"publish","type":"page","link":"https:\/\/heid-canada.com\/fr\/treuil-dancre\/","title":{"rendered":"Treuil d&rsquo;Ancre"},"content":{"rendered":"<h1 style=\"text-align: left; color: #0a579a;\">Treuil d&rsquo;Ancre<\/h1>\n<nav class=\"hnav\">\n<ul>\n<li><a href=\"\/?page_id=508\">L\u2019entra\u00eenement principal<\/a><\/li>\n<li><a href=\"\/?page_id=511\">D\u2019entra\u00eenement bateau hybride<\/a><\/li>\n<li><a href=\"\/?page_id=515\">Treuil d\u2019Ancre<\/a><\/li>\n<li><a href=\"\/?page_id=517\">Treuil remorqueur<\/a><\/li>\n<li><a href=\"\/?page_id=521\">Bateau de d\u00e9barquement<\/a><\/li>\n<li><a href=\"\/?page_id=523\">Syst\u00e8me de r\u00e9f\u00e9rence Horizon<\/a><\/li>\n<\/ul>\n<\/nav>\n<hr \/>\n<div class=\"mtime2\"><img decoding=\"async\" class=\"alignnone size-full wp-image-408\" style=\"width: 100%; height: auto;\" src=\"http:\/\/heid-canada.com\/wp-content\/uploads\/2016\/10\/maritime-50.jpg\" alt=\"maritime-50\" width=\"450\" height=\"399\" srcset=\"https:\/\/heid-canada.com\/wp-content\/uploads\/2016\/10\/maritime-50.jpg 350w, https:\/\/heid-canada.com\/wp-content\/uploads\/2016\/10\/maritime-50-300x266.jpg 300w\" sizes=\"(max-width: 450px) 100vw, 450px\" \/><\/div>\n<div class=\"mtime2\"><img decoding=\"async\" class=\"alignnone size-full wp-image-409\" style=\"width: 100%; height: auto;\" src=\"http:\/\/heid-canada.com\/wp-content\/uploads\/2016\/10\/maritime-51.jpg\" alt=\"maritime-51\" width=\"450\" height=\"453\" srcset=\"https:\/\/heid-canada.com\/wp-content\/uploads\/2016\/10\/maritime-51.jpg 471w, https:\/\/heid-canada.com\/wp-content\/uploads\/2016\/10\/maritime-51-150x150.jpg 150w, https:\/\/heid-canada.com\/wp-content\/uploads\/2016\/10\/maritime-51-298x300.jpg 298w\" sizes=\"(max-width: 450px) 100vw, 450px\" \/><\/div>\n<div class=\"mtime2\">\n<h2 style=\"text-align: center; color: #0a579a;\">L&#8217;embrayage de s\u00e9curit\u00e9 RLG-S pour prot\u00e9ger les unit\u00e9s d&rsquo;entra\u00eenement \u00e0 couple \u00e9lev\u00e9 contre les pics. Couple de patinage est r\u00e9gl\u00e9 avec pr\u00e9cision et certifi\u00e9 dans notre banc d&rsquo;essai<\/h2>\n<\/div>\n","protected":false},"excerpt":{"rendered":"<p>Treuil d&rsquo;Ancre L\u2019entra\u00eenement principal D\u2019entra\u00eenement bateau hybride Treuil d\u2019Ancre Treuil remorqueur Bateau de d\u00e9barquement Syst\u00e8me de r\u00e9f\u00e9rence Horizon L&#8217;embrayage de s\u00e9curit\u00e9 RLG-S pour prot\u00e9ger les unit\u00e9s d&rsquo;entra\u00eenement \u00e0 couple \u00e9lev\u00e9 contre les pics. Couple de patinage est r\u00e9gl\u00e9 avec pr\u00e9cision et certifi\u00e9 dans notre banc d&rsquo;essai<\/p>\n","protected":false},"author":1,"featured_media":0,"parent":0,"menu_order":0,"comment_status":"closed","ping_status":"closed","template":"fullwidth.php","meta":{"footnotes":""},"yoast_head":"<!-- This site is optimized with the Yoast SEO plugin v21.6 - https:\/\/yoast.com\/wordpress\/plugins\/seo\/ -->\n<title>Treuil d&#039;Ancre -<\/title>\n<meta name=\"robots\" content=\"index, follow, max-snippet:-1, max-image-preview:large, max-video-preview:-1\" \/>\n<link rel=\"canonical\" href=\"https:\/\/heid-canada.com\/fr\/treuil-dancre\/\" \/>\n<meta property=\"og:locale\" content=\"fr_FR\" \/>\n<meta property=\"og:type\" content=\"article\" \/>\n<meta property=\"og:title\" content=\"Treuil d&#039;Ancre -\" \/>\n<meta property=\"og:description\" content=\"Treuil d&rsquo;Ancre L\u2019entra\u00eenement principal D\u2019entra\u00eenement bateau hybride Treuil d\u2019Ancre Treuil remorqueur Bateau de d\u00e9barquement Syst\u00e8me de r\u00e9f\u00e9rence Horizon L&#8217;embrayage de s\u00e9curit\u00e9 RLG-S pour prot\u00e9ger les unit\u00e9s d&rsquo;entra\u00eenement \u00e0 couple \u00e9lev\u00e9 contre les pics. Couple de patinage est r\u00e9gl\u00e9 avec pr\u00e9cision et certifi\u00e9 dans notre banc d&rsquo;essai\" \/>\n<meta property=\"og:url\" content=\"https:\/\/heid-canada.com\/fr\/treuil-dancre\/\" \/>\n<meta property=\"article:modified_time\" content=\"2016-10-25T21:53:20+00:00\" \/>\n<meta property=\"og:image\" content=\"http:\/\/heid-canada.com\/wp-content\/uploads\/2016\/10\/maritime-50.jpg\" \/>\n<meta name=\"twitter:card\" content=\"summary_large_image\" \/>\n<script type=\"application\/ld+json\" class=\"yoast-schema-graph\">{\"@context\":\"https:\/\/schema.org\",\"@graph\":[{\"@type\":\"WebPage\",\"@id\":\"https:\/\/heid-canada.com\/fr\/treuil-dancre\/\",\"url\":\"https:\/\/heid-canada.com\/fr\/treuil-dancre\/\",\"name\":\"Treuil d'Ancre -\",\"isPartOf\":{\"@id\":\"https:\/\/heid-canada.com\/fr\/#website\"},\"datePublished\":\"2016-10-25T21:34:06+00:00\",\"dateModified\":\"2016-10-25T21:53:20+00:00\",\"breadcrumb\":{\"@id\":\"https:\/\/heid-canada.com\/fr\/treuil-dancre\/#breadcrumb\"},\"inLanguage\":\"fr-FR\",\"potentialAction\":[{\"@type\":\"ReadAction\",\"target\":[\"https:\/\/heid-canada.com\/fr\/treuil-dancre\/\"]}]},{\"@type\":\"BreadcrumbList\",\"@id\":\"https:\/\/heid-canada.com\/fr\/treuil-dancre\/#breadcrumb\",\"itemListElement\":[{\"@type\":\"ListItem\",\"position\":1,\"name\":\"Home\",\"item\":\"https:\/\/heid-canada.com\/fr\/\"},{\"@type\":\"ListItem\",\"position\":2,\"name\":\"Treuil d&#8217;Ancre\"}]},{\"@type\":\"WebSite\",\"@id\":\"https:\/\/heid-canada.com\/fr\/#website\",\"url\":\"https:\/\/heid-canada.com\/fr\/\",\"name\":\"\",\"description\":\"Heid Canada - Embrayages et freins d'ing\u00e9nierie\",\"potentialAction\":[{\"@type\":\"SearchAction\",\"target\":{\"@type\":\"EntryPoint\",\"urlTemplate\":\"https:\/\/heid-canada.com\/fr\/?s={search_term_string}\"},\"query-input\":\"required name=search_term_string\"}],\"inLanguage\":\"fr-FR\"}]}<\/script>\n<!-- \/ Yoast SEO plugin. -->","yoast_head_json":{"title":"Treuil d'Ancre -","robots":{"index":"index","follow":"follow","max-snippet":"max-snippet:-1","max-image-preview":"max-image-preview:large","max-video-preview":"max-video-preview:-1"},"canonical":"https:\/\/heid-canada.com\/fr\/treuil-dancre\/","og_locale":"fr_FR","og_type":"article","og_title":"Treuil d'Ancre -","og_description":"Treuil d&rsquo;Ancre L\u2019entra\u00eenement principal D\u2019entra\u00eenement bateau hybride Treuil d\u2019Ancre Treuil remorqueur Bateau de d\u00e9barquement Syst\u00e8me de r\u00e9f\u00e9rence Horizon L&#8217;embrayage de s\u00e9curit\u00e9 RLG-S pour prot\u00e9ger les unit\u00e9s d&rsquo;entra\u00eenement \u00e0 couple \u00e9lev\u00e9 contre les pics. Couple de patinage est r\u00e9gl\u00e9 avec pr\u00e9cision et certifi\u00e9 dans notre banc d&rsquo;essai","og_url":"https:\/\/heid-canada.com\/fr\/treuil-dancre\/","article_modified_time":"2016-10-25T21:53:20+00:00","og_image":[{"url":"http:\/\/heid-canada.com\/wp-content\/uploads\/2016\/10\/maritime-50.jpg"}],"twitter_card":"summary_large_image","schema":{"@context":"https:\/\/schema.org","@graph":[{"@type":"WebPage","@id":"https:\/\/heid-canada.com\/fr\/treuil-dancre\/","url":"https:\/\/heid-canada.com\/fr\/treuil-dancre\/","name":"Treuil d'Ancre -","isPartOf":{"@id":"https:\/\/heid-canada.com\/fr\/#website"},"datePublished":"2016-10-25T21:34:06+00:00","dateModified":"2016-10-25T21:53:20+00:00","breadcrumb":{"@id":"https:\/\/heid-canada.com\/fr\/treuil-dancre\/#breadcrumb"},"inLanguage":"fr-FR","potentialAction":[{"@type":"ReadAction","target":["https:\/\/heid-canada.com\/fr\/treuil-dancre\/"]}]},{"@type":"BreadcrumbList","@id":"https:\/\/heid-canada.com\/fr\/treuil-dancre\/#breadcrumb","itemListElement":[{"@type":"ListItem","position":1,"name":"Home","item":"https:\/\/heid-canada.com\/fr\/"},{"@type":"ListItem","position":2,"name":"Treuil d&#8217;Ancre"}]},{"@type":"WebSite","@id":"https:\/\/heid-canada.com\/fr\/#website","url":"https:\/\/heid-canada.com\/fr\/","name":"","description":"Heid Canada - Embrayages et freins d'ing\u00e9nierie","potentialAction":[{"@type":"SearchAction","target":{"@type":"EntryPoint","urlTemplate":"https:\/\/heid-canada.com\/fr\/?s={search_term_string}"},"query-input":"required name=search_term_string"}],"inLanguage":"fr-FR"}]}},"_links":{"self":[{"href":"https:\/\/heid-canada.com\/fr\/wp-json\/wp\/v2\/pages\/515"}],"collection":[{"href":"https:\/\/heid-canada.com\/fr\/wp-json\/wp\/v2\/pages"}],"about":[{"href":"https:\/\/heid-canada.com\/fr\/wp-json\/wp\/v2\/types\/page"}],"author":[{"embeddable":true,"href":"https:\/\/heid-canada.com\/fr\/wp-json\/wp\/v2\/users\/1"}],"replies":[{"embeddable":true,"href":"https:\/\/heid-canada.com\/fr\/wp-json\/wp\/v2\/comments?post=515"}],"version-history":[{"count":2,"href":"https:\/\/heid-canada.com\/fr\/wp-json\/wp\/v2\/pages\/515\/revisions"}],"predecessor-version":[{"id":531,"href":"https:\/\/heid-canada.com\/fr\/wp-json\/wp\/v2\/pages\/515\/revisions\/531"}],"wp:attachment":[{"href":"https:\/\/heid-canada.com\/fr\/wp-json\/wp\/v2\/media?parent=515"}],"curies":[{"name":"wp","href":"https:\/\/api.w.org\/{rel}","templated":true}]}}