{"id":521,"date":"2016-10-25T21:39:47","date_gmt":"2016-10-25T21:39:47","guid":{"rendered":"http:\/\/www.heid-canada.com\/fr\/?page_id=521"},"modified":"2016-10-25T21:54:48","modified_gmt":"2016-10-25T21:54:48","slug":"bateau-de-debarquement","status":"publish","type":"page","link":"https:\/\/heid-canada.com\/fr\/bateau-de-debarquement\/","title":{"rendered":"Bateau de d\u00e9barquement"},"content":{"rendered":"<h1 style=\"text-align: left; color: #0a579a;\">Bateau de d\u00e9barquement<\/h1>\n<nav class=\"hnav\">\n<ul>\n<li><a href=\"\/?page_id=508\">L\u2019entra\u00eenement principal<\/a><\/li>\n<li><a href=\"\/?page_id=511\">D\u2019entra\u00eenement bateau hybride<\/a><\/li>\n<li><a href=\"\/?page_id=515\">Treuil d\u2019Ancre<\/a><\/li>\n<li><a href=\"\/?page_id=517\">Treuil remorqueur<\/a><\/li>\n<li><a href=\"\/?page_id=521\">Bateau de d\u00e9barquement<\/a><\/li>\n<li><a href=\"\/?page_id=523\">Syst\u00e8me de r\u00e9f\u00e9rence Horizon<\/a><\/li>\n<\/ul>\n<\/nav>\n<hr \/>\n<div class=\"mtime2\"><img decoding=\"async\" class=\"alignnone size-full wp-image-403\" style=\"width: 100%; height: auto;\" src=\"http:\/\/heid-canada.com\/wp-content\/uploads\/2016\/10\/maritime-42.jpg\" alt=\"maritime-42\" width=\"450\" height=\"341\" srcset=\"https:\/\/heid-canada.com\/wp-content\/uploads\/2016\/10\/maritime-42.jpg 473w, https:\/\/heid-canada.com\/wp-content\/uploads\/2016\/10\/maritime-42-300x227.jpg 300w\" sizes=\"(max-width: 450px) 100vw, 450px\" \/><\/div>\n<div class=\"mtime2\"><\/div>\n<div class=\"mtime2\"><img decoding=\"async\" class=\"alignnone size-full wp-image-405\" style=\"width: 100%; height: auto;\" src=\"http:\/\/heid-canada.com\/wp-content\/uploads\/2016\/10\/maritime-41.jpg\" alt=\"maritime-41\" width=\"450\" height=\"289\" srcset=\"https:\/\/heid-canada.com\/wp-content\/uploads\/2016\/10\/maritime-41.jpg 625w, https:\/\/heid-canada.com\/wp-content\/uploads\/2016\/10\/maritime-41-300x192.jpg 300w\" sizes=\"(max-width: 450px) 100vw, 450px\" \/><\/div>\n<div class=\"mtime2\">\n<h2 style=\"text-align: center; color: #0a579a;\">Pour l&#8217;embrayage de prise de force hydraulique, groupe complet comprenant raccord \u00e9lastique et plaque de soudure<\/h2>\n<\/div>\n","protected":false},"excerpt":{"rendered":"<p>Bateau de d\u00e9barquement L\u2019entra\u00eenement principal D\u2019entra\u00eenement bateau hybride Treuil d\u2019Ancre Treuil remorqueur Bateau de d\u00e9barquement Syst\u00e8me de r\u00e9f\u00e9rence Horizon Pour l&#8217;embrayage de prise de force hydraulique, groupe complet comprenant raccord \u00e9lastique et plaque de soudure<\/p>\n","protected":false},"author":1,"featured_media":0,"parent":0,"menu_order":0,"comment_status":"closed","ping_status":"closed","template":"fullwidth.php","meta":{"footnotes":""},"yoast_head":"<!-- This site is optimized with the Yoast SEO plugin v21.6 - https:\/\/yoast.com\/wordpress\/plugins\/seo\/ -->\n<title>Bateau de d\u00e9barquement -<\/title>\n<meta name=\"robots\" content=\"index, follow, max-snippet:-1, max-image-preview:large, max-video-preview:-1\" \/>\n<link rel=\"canonical\" href=\"https:\/\/heid-canada.com\/fr\/bateau-de-debarquement\/\" \/>\n<meta property=\"og:locale\" content=\"fr_FR\" \/>\n<meta property=\"og:type\" content=\"article\" \/>\n<meta property=\"og:title\" content=\"Bateau de d\u00e9barquement -\" \/>\n<meta property=\"og:description\" content=\"Bateau de d\u00e9barquement L\u2019entra\u00eenement principal D\u2019entra\u00eenement bateau hybride Treuil d\u2019Ancre Treuil remorqueur Bateau de d\u00e9barquement Syst\u00e8me de r\u00e9f\u00e9rence Horizon Pour l&#8217;embrayage de prise de force hydraulique, groupe complet comprenant raccord \u00e9lastique et plaque de soudure\" \/>\n<meta property=\"og:url\" content=\"https:\/\/heid-canada.com\/fr\/bateau-de-debarquement\/\" \/>\n<meta property=\"article:modified_time\" content=\"2016-10-25T21:54:48+00:00\" \/>\n<meta property=\"og:image\" content=\"http:\/\/heid-canada.com\/wp-content\/uploads\/2016\/10\/maritime-42.jpg\" \/>\n<meta name=\"twitter:card\" content=\"summary_large_image\" \/>\n<script type=\"application\/ld+json\" class=\"yoast-schema-graph\">{\"@context\":\"https:\/\/schema.org\",\"@graph\":[{\"@type\":\"WebPage\",\"@id\":\"https:\/\/heid-canada.com\/fr\/bateau-de-debarquement\/\",\"url\":\"https:\/\/heid-canada.com\/fr\/bateau-de-debarquement\/\",\"name\":\"Bateau de d\u00e9barquement -\",\"isPartOf\":{\"@id\":\"https:\/\/heid-canada.com\/fr\/#website\"},\"datePublished\":\"2016-10-25T21:39:47+00:00\",\"dateModified\":\"2016-10-25T21:54:48+00:00\",\"breadcrumb\":{\"@id\":\"https:\/\/heid-canada.com\/fr\/bateau-de-debarquement\/#breadcrumb\"},\"inLanguage\":\"fr-FR\",\"potentialAction\":[{\"@type\":\"ReadAction\",\"target\":[\"https:\/\/heid-canada.com\/fr\/bateau-de-debarquement\/\"]}]},{\"@type\":\"BreadcrumbList\",\"@id\":\"https:\/\/heid-canada.com\/fr\/bateau-de-debarquement\/#breadcrumb\",\"itemListElement\":[{\"@type\":\"ListItem\",\"position\":1,\"name\":\"Home\",\"item\":\"https:\/\/heid-canada.com\/fr\/\"},{\"@type\":\"ListItem\",\"position\":2,\"name\":\"Bateau de d\u00e9barquement\"}]},{\"@type\":\"WebSite\",\"@id\":\"https:\/\/heid-canada.com\/fr\/#website\",\"url\":\"https:\/\/heid-canada.com\/fr\/\",\"name\":\"\",\"description\":\"Heid Canada - Embrayages et freins d'ing\u00e9nierie\",\"potentialAction\":[{\"@type\":\"SearchAction\",\"target\":{\"@type\":\"EntryPoint\",\"urlTemplate\":\"https:\/\/heid-canada.com\/fr\/?s={search_term_string}\"},\"query-input\":\"required name=search_term_string\"}],\"inLanguage\":\"fr-FR\"}]}<\/script>\n<!-- \/ Yoast SEO plugin. -->","yoast_head_json":{"title":"Bateau de d\u00e9barquement -","robots":{"index":"index","follow":"follow","max-snippet":"max-snippet:-1","max-image-preview":"max-image-preview:large","max-video-preview":"max-video-preview:-1"},"canonical":"https:\/\/heid-canada.com\/fr\/bateau-de-debarquement\/","og_locale":"fr_FR","og_type":"article","og_title":"Bateau de d\u00e9barquement -","og_description":"Bateau de d\u00e9barquement L\u2019entra\u00eenement principal D\u2019entra\u00eenement bateau hybride Treuil d\u2019Ancre Treuil remorqueur Bateau de d\u00e9barquement Syst\u00e8me de r\u00e9f\u00e9rence Horizon Pour l&#8217;embrayage de prise de force hydraulique, groupe complet comprenant raccord \u00e9lastique et plaque de soudure","og_url":"https:\/\/heid-canada.com\/fr\/bateau-de-debarquement\/","article_modified_time":"2016-10-25T21:54:48+00:00","og_image":[{"url":"http:\/\/heid-canada.com\/wp-content\/uploads\/2016\/10\/maritime-42.jpg"}],"twitter_card":"summary_large_image","schema":{"@context":"https:\/\/schema.org","@graph":[{"@type":"WebPage","@id":"https:\/\/heid-canada.com\/fr\/bateau-de-debarquement\/","url":"https:\/\/heid-canada.com\/fr\/bateau-de-debarquement\/","name":"Bateau de d\u00e9barquement -","isPartOf":{"@id":"https:\/\/heid-canada.com\/fr\/#website"},"datePublished":"2016-10-25T21:39:47+00:00","dateModified":"2016-10-25T21:54:48+00:00","breadcrumb":{"@id":"https:\/\/heid-canada.com\/fr\/bateau-de-debarquement\/#breadcrumb"},"inLanguage":"fr-FR","potentialAction":[{"@type":"ReadAction","target":["https:\/\/heid-canada.com\/fr\/bateau-de-debarquement\/"]}]},{"@type":"BreadcrumbList","@id":"https:\/\/heid-canada.com\/fr\/bateau-de-debarquement\/#breadcrumb","itemListElement":[{"@type":"ListItem","position":1,"name":"Home","item":"https:\/\/heid-canada.com\/fr\/"},{"@type":"ListItem","position":2,"name":"Bateau de d\u00e9barquement"}]},{"@type":"WebSite","@id":"https:\/\/heid-canada.com\/fr\/#website","url":"https:\/\/heid-canada.com\/fr\/","name":"","description":"Heid Canada - Embrayages et freins d'ing\u00e9nierie","potentialAction":[{"@type":"SearchAction","target":{"@type":"EntryPoint","urlTemplate":"https:\/\/heid-canada.com\/fr\/?s={search_term_string}"},"query-input":"required name=search_term_string"}],"inLanguage":"fr-FR"}]}},"_links":{"self":[{"href":"https:\/\/heid-canada.com\/fr\/wp-json\/wp\/v2\/pages\/521"}],"collection":[{"href":"https:\/\/heid-canada.com\/fr\/wp-json\/wp\/v2\/pages"}],"about":[{"href":"https:\/\/heid-canada.com\/fr\/wp-json\/wp\/v2\/types\/page"}],"author":[{"embeddable":true,"href":"https:\/\/heid-canada.com\/fr\/wp-json\/wp\/v2\/users\/1"}],"replies":[{"embeddable":true,"href":"https:\/\/heid-canada.com\/fr\/wp-json\/wp\/v2\/comments?post=521"}],"version-history":[{"count":2,"href":"https:\/\/heid-canada.com\/fr\/wp-json\/wp\/v2\/pages\/521\/revisions"}],"predecessor-version":[{"id":533,"href":"https:\/\/heid-canada.com\/fr\/wp-json\/wp\/v2\/pages\/521\/revisions\/533"}],"wp:attachment":[{"href":"https:\/\/heid-canada.com\/fr\/wp-json\/wp\/v2\/media?parent=521"}],"curies":[{"name":"wp","href":"https:\/\/api.w.org\/{rel}","templated":true}]}}