{"id":523,"date":"2016-10-25T21:41:49","date_gmt":"2016-10-25T21:41:49","guid":{"rendered":"http:\/\/www.heid-canada.com\/fr\/?page_id=523"},"modified":"2016-10-25T21:56:04","modified_gmt":"2016-10-25T21:56:04","slug":"systeme-de-reference-horizon","status":"publish","type":"page","link":"https:\/\/heid-canada.com\/fr\/systeme-de-reference-horizon\/","title":{"rendered":"Syst\u00e8me de r\u00e9f\u00e9rence Horizon"},"content":{"rendered":"<h1 style=\"text-align: left; color: #0a579a;\">Syst\u00e8me de r\u00e9f\u00e9rence Horizon<\/h1>\n<nav class=\"hnav\">\n<ul>\n<li><a href=\"\/?page_id=508\">L\u2019entra\u00eenement principal<\/a><\/li>\n<li><a href=\"\/?page_id=511\">D\u2019entra\u00eenement bateau hybride<\/a><\/li>\n<li><a href=\"\/?page_id=515\">Treuil d\u2019Ancre<\/a><\/li>\n<li><a href=\"\/?page_id=517\">Treuil remorqueur<\/a><\/li>\n<li><a href=\"\/?page_id=521\">Bateau de d\u00e9barquement<\/a><\/li>\n<li><a href=\"\/?page_id=523\">Syst\u00e8me de r\u00e9f\u00e9rence Horizon<\/a><\/li>\n<\/ul>\n<\/nav>\n<hr \/>\n<div class=\"mtime2\"><img decoding=\"async\" class=\"alignnone size-full wp-image-413\" style=\"width: 100%; height: auto;\" src=\"http:\/\/heid-canada.com\/wp-content\/uploads\/2016\/10\/maritime-60.jpg\" alt=\"maritime-60\" width=\"450\" height=\"390\" srcset=\"https:\/\/heid-canada.com\/wp-content\/uploads\/2016\/10\/maritime-60.jpg 330w, https:\/\/heid-canada.com\/wp-content\/uploads\/2016\/10\/maritime-60-300x260.jpg 300w\" sizes=\"(max-width: 450px) 100vw, 450px\" \/><\/div>\n<div class=\"mtime2\"><img decoding=\"async\" class=\"alignnone size-full wp-image-415\" style=\"width: 100%; height: auto;\" src=\"http:\/\/heid-canada.com\/wp-content\/uploads\/2016\/10\/maritime-61.jpg\" alt=\"maritime-61\" width=\"450\" height=\"360\" srcset=\"https:\/\/heid-canada.com\/wp-content\/uploads\/2016\/10\/maritime-61.jpg 416w, https:\/\/heid-canada.com\/wp-content\/uploads\/2016\/10\/maritime-61-300x240.jpg 300w\" sizes=\"(max-width: 450px) 100vw, 450px\" \/><\/div>\n<div class=\"mtime1\">\n<h2 style=\"text-align: center; color: #0a579a;\">L&#8217;embrayage de s\u00e9curit\u00e9 RLG-S pour prot\u00e9ger les unit\u00e9s d&rsquo;entra\u00eenement \u00e0 couple \u00e9lev\u00e9 contre les pics. Couple de patinage est r\u00e9gl\u00e9 avec pr\u00e9cision et certifi\u00e9 dans notre banc d&rsquo;essai<\/h2>\n<\/div>\n<div class=\"mtime2\"><img decoding=\"async\" class=\"alignnone size-full wp-image-416\" style=\"width: 100%; height: auto;\" src=\"http:\/\/heid-canada.com\/wp-content\/uploads\/2016\/10\/maritime-62.jpg\" alt=\"maritime-62\" width=\"450\" height=\"269\" srcset=\"https:\/\/heid-canada.com\/wp-content\/uploads\/2016\/10\/maritime-62.jpg 445w, https:\/\/heid-canada.com\/wp-content\/uploads\/2016\/10\/maritime-62-300x179.jpg 300w\" sizes=\"(max-width: 450px) 100vw, 450px\" \/><\/div>\n","protected":false},"excerpt":{"rendered":"<p>Syst\u00e8me de r\u00e9f\u00e9rence Horizon L\u2019entra\u00eenement principal D\u2019entra\u00eenement bateau hybride Treuil d\u2019Ancre Treuil remorqueur Bateau de d\u00e9barquement Syst\u00e8me de r\u00e9f\u00e9rence Horizon L&#8217;embrayage de s\u00e9curit\u00e9 RLG-S pour prot\u00e9ger les unit\u00e9s d&rsquo;entra\u00eenement \u00e0 couple \u00e9lev\u00e9 contre les pics. Couple de patinage est r\u00e9gl\u00e9 avec pr\u00e9cision et certifi\u00e9 dans notre banc d&rsquo;essai<\/p>\n","protected":false},"author":1,"featured_media":0,"parent":0,"menu_order":0,"comment_status":"closed","ping_status":"closed","template":"fullwidth.php","meta":{"footnotes":""},"yoast_head":"<!-- This site is optimized with the Yoast SEO plugin v21.6 - https:\/\/yoast.com\/wordpress\/plugins\/seo\/ -->\n<title>Syst\u00e8me de r\u00e9f\u00e9rence Horizon -<\/title>\n<meta name=\"robots\" content=\"index, follow, max-snippet:-1, max-image-preview:large, max-video-preview:-1\" \/>\n<link rel=\"canonical\" href=\"https:\/\/heid-canada.com\/fr\/systeme-de-reference-horizon\/\" \/>\n<meta property=\"og:locale\" content=\"fr_FR\" \/>\n<meta property=\"og:type\" content=\"article\" \/>\n<meta property=\"og:title\" content=\"Syst\u00e8me de r\u00e9f\u00e9rence Horizon -\" \/>\n<meta property=\"og:description\" content=\"Syst\u00e8me de r\u00e9f\u00e9rence Horizon L\u2019entra\u00eenement principal D\u2019entra\u00eenement bateau hybride Treuil d\u2019Ancre Treuil remorqueur Bateau de d\u00e9barquement Syst\u00e8me de r\u00e9f\u00e9rence Horizon L&#8217;embrayage de s\u00e9curit\u00e9 RLG-S pour prot\u00e9ger les unit\u00e9s d&rsquo;entra\u00eenement \u00e0 couple \u00e9lev\u00e9 contre les pics. Couple de patinage est r\u00e9gl\u00e9 avec pr\u00e9cision et certifi\u00e9 dans notre banc d&rsquo;essai\" \/>\n<meta property=\"og:url\" content=\"https:\/\/heid-canada.com\/fr\/systeme-de-reference-horizon\/\" \/>\n<meta property=\"article:modified_time\" content=\"2016-10-25T21:56:04+00:00\" \/>\n<meta property=\"og:image\" content=\"http:\/\/heid-canada.com\/wp-content\/uploads\/2016\/10\/maritime-60.jpg\" \/>\n<meta name=\"twitter:card\" content=\"summary_large_image\" \/>\n<script type=\"application\/ld+json\" class=\"yoast-schema-graph\">{\"@context\":\"https:\/\/schema.org\",\"@graph\":[{\"@type\":\"WebPage\",\"@id\":\"https:\/\/heid-canada.com\/fr\/systeme-de-reference-horizon\/\",\"url\":\"https:\/\/heid-canada.com\/fr\/systeme-de-reference-horizon\/\",\"name\":\"Syst\u00e8me de r\u00e9f\u00e9rence Horizon -\",\"isPartOf\":{\"@id\":\"https:\/\/heid-canada.com\/fr\/#website\"},\"datePublished\":\"2016-10-25T21:41:49+00:00\",\"dateModified\":\"2016-10-25T21:56:04+00:00\",\"breadcrumb\":{\"@id\":\"https:\/\/heid-canada.com\/fr\/systeme-de-reference-horizon\/#breadcrumb\"},\"inLanguage\":\"fr-FR\",\"potentialAction\":[{\"@type\":\"ReadAction\",\"target\":[\"https:\/\/heid-canada.com\/fr\/systeme-de-reference-horizon\/\"]}]},{\"@type\":\"BreadcrumbList\",\"@id\":\"https:\/\/heid-canada.com\/fr\/systeme-de-reference-horizon\/#breadcrumb\",\"itemListElement\":[{\"@type\":\"ListItem\",\"position\":1,\"name\":\"Home\",\"item\":\"https:\/\/heid-canada.com\/fr\/\"},{\"@type\":\"ListItem\",\"position\":2,\"name\":\"Syst\u00e8me de r\u00e9f\u00e9rence Horizon\"}]},{\"@type\":\"WebSite\",\"@id\":\"https:\/\/heid-canada.com\/fr\/#website\",\"url\":\"https:\/\/heid-canada.com\/fr\/\",\"name\":\"\",\"description\":\"Heid Canada - Embrayages et freins d'ing\u00e9nierie\",\"potentialAction\":[{\"@type\":\"SearchAction\",\"target\":{\"@type\":\"EntryPoint\",\"urlTemplate\":\"https:\/\/heid-canada.com\/fr\/?s={search_term_string}\"},\"query-input\":\"required name=search_term_string\"}],\"inLanguage\":\"fr-FR\"}]}<\/script>\n<!-- \/ Yoast SEO plugin. -->","yoast_head_json":{"title":"Syst\u00e8me de r\u00e9f\u00e9rence Horizon -","robots":{"index":"index","follow":"follow","max-snippet":"max-snippet:-1","max-image-preview":"max-image-preview:large","max-video-preview":"max-video-preview:-1"},"canonical":"https:\/\/heid-canada.com\/fr\/systeme-de-reference-horizon\/","og_locale":"fr_FR","og_type":"article","og_title":"Syst\u00e8me de r\u00e9f\u00e9rence Horizon -","og_description":"Syst\u00e8me de r\u00e9f\u00e9rence Horizon L\u2019entra\u00eenement principal D\u2019entra\u00eenement bateau hybride Treuil d\u2019Ancre Treuil remorqueur Bateau de d\u00e9barquement Syst\u00e8me de r\u00e9f\u00e9rence Horizon L&#8217;embrayage de s\u00e9curit\u00e9 RLG-S pour prot\u00e9ger les unit\u00e9s d&rsquo;entra\u00eenement \u00e0 couple \u00e9lev\u00e9 contre les pics. Couple de patinage est r\u00e9gl\u00e9 avec pr\u00e9cision et certifi\u00e9 dans notre banc d&rsquo;essai","og_url":"https:\/\/heid-canada.com\/fr\/systeme-de-reference-horizon\/","article_modified_time":"2016-10-25T21:56:04+00:00","og_image":[{"url":"http:\/\/heid-canada.com\/wp-content\/uploads\/2016\/10\/maritime-60.jpg"}],"twitter_card":"summary_large_image","schema":{"@context":"https:\/\/schema.org","@graph":[{"@type":"WebPage","@id":"https:\/\/heid-canada.com\/fr\/systeme-de-reference-horizon\/","url":"https:\/\/heid-canada.com\/fr\/systeme-de-reference-horizon\/","name":"Syst\u00e8me de r\u00e9f\u00e9rence Horizon -","isPartOf":{"@id":"https:\/\/heid-canada.com\/fr\/#website"},"datePublished":"2016-10-25T21:41:49+00:00","dateModified":"2016-10-25T21:56:04+00:00","breadcrumb":{"@id":"https:\/\/heid-canada.com\/fr\/systeme-de-reference-horizon\/#breadcrumb"},"inLanguage":"fr-FR","potentialAction":[{"@type":"ReadAction","target":["https:\/\/heid-canada.com\/fr\/systeme-de-reference-horizon\/"]}]},{"@type":"BreadcrumbList","@id":"https:\/\/heid-canada.com\/fr\/systeme-de-reference-horizon\/#breadcrumb","itemListElement":[{"@type":"ListItem","position":1,"name":"Home","item":"https:\/\/heid-canada.com\/fr\/"},{"@type":"ListItem","position":2,"name":"Syst\u00e8me de r\u00e9f\u00e9rence Horizon"}]},{"@type":"WebSite","@id":"https:\/\/heid-canada.com\/fr\/#website","url":"https:\/\/heid-canada.com\/fr\/","name":"","description":"Heid Canada - Embrayages et freins d'ing\u00e9nierie","potentialAction":[{"@type":"SearchAction","target":{"@type":"EntryPoint","urlTemplate":"https:\/\/heid-canada.com\/fr\/?s={search_term_string}"},"query-input":"required name=search_term_string"}],"inLanguage":"fr-FR"}]}},"_links":{"self":[{"href":"https:\/\/heid-canada.com\/fr\/wp-json\/wp\/v2\/pages\/523"}],"collection":[{"href":"https:\/\/heid-canada.com\/fr\/wp-json\/wp\/v2\/pages"}],"about":[{"href":"https:\/\/heid-canada.com\/fr\/wp-json\/wp\/v2\/types\/page"}],"author":[{"embeddable":true,"href":"https:\/\/heid-canada.com\/fr\/wp-json\/wp\/v2\/users\/1"}],"replies":[{"embeddable":true,"href":"https:\/\/heid-canada.com\/fr\/wp-json\/wp\/v2\/comments?post=523"}],"version-history":[{"count":4,"href":"https:\/\/heid-canada.com\/fr\/wp-json\/wp\/v2\/pages\/523\/revisions"}],"predecessor-version":[{"id":534,"href":"https:\/\/heid-canada.com\/fr\/wp-json\/wp\/v2\/pages\/523\/revisions\/534"}],"wp:attachment":[{"href":"https:\/\/heid-canada.com\/fr\/wp-json\/wp\/v2\/media?parent=523"}],"curies":[{"name":"wp","href":"https:\/\/api.w.org\/{rel}","templated":true}]}}