{"id":801,"date":"2023-12-08T13:58:26","date_gmt":"2023-12-08T13:58:26","guid":{"rendered":"https:\/\/heid-canada.com\/?page_id=801"},"modified":"2023-12-08T15:16:39","modified_gmt":"2023-12-08T15:16:39","slug":"home","status":"publish","type":"page","link":"https:\/\/heid-canada.com\/fr\/","title":{"rendered":"Home"},"content":{"rendered":"<div class=\"wpb-content-wrapper\"><p>[vc_row css=\u00a0\u00bb.vc_custom_1702047989771{margin-top: 100px !important;margin-bottom: 60px !important;}\u00a0\u00bb][vc_column][vc_custom_heading text=\u00a0\u00bbHEID SERVICES D\u2019EMBRAYAGE ET DE FREIN\u00a0\u00bb font_container=\u00a0\u00bbtag:h2|text_align:center|color:%230a0a0a\u00a0\u00bb use_theme_fonts=\u00a0\u00bbyes\u00a0\u00bb][\/vc_column][\/vc_row][vc_row][vc_column width=\u00a0\u00bb1\/4&Prime;][vc_icon icon_fontawesome=\u00a0\u00bbfas fa-hammer\u00a0\u00bb color=\u00a0\u00bbblack\u00a0\u00bb background_style=\u00a0\u00bbrounded-outline\u00a0\u00bb background_color=\u00a0\u00bbblue\u00a0\u00bb size=\u00a0\u00bblg\u00a0\u00bb align=\u00a0\u00bbcenter\u00a0\u00bb][vc_column_text]<\/p>\n<h3 class=\"head\" style=\"text-align: center;\"><a href=\"https:\/\/heid-canada.com\/fr\/heid-services-dembrayage-et-de-frein\/\">Les r\u00e9parations<\/a><\/h3>\n<p style=\"text-align: center;\">La r\u00e9paration d\u2019un embrayage ou frein de stationnement est souvent b\u00e9n\u00e9fique, parce qu\u2019une remise en etat d\u2019embrayage ou de vitesse plus rapide et plus rentable.<\/p>\n<p>[\/vc_column_text][\/vc_column][vc_column width=\u00a0\u00bb1\/4&Prime;][vc_icon icon_fontawesome=\u00a0\u00bbfar fa-object-ungroup\u00a0\u00bb color=\u00a0\u00bbblack\u00a0\u00bb background_style=\u00a0\u00bbrounded-outline\u00a0\u00bb background_color=\u00a0\u00bbblue\u00a0\u00bb size=\u00a0\u00bblg\u00a0\u00bb align=\u00a0\u00bbcenter\u00a0\u00bb][vc_column_text]<\/p>\n<h3 class=\"head\" style=\"text-align: center;\"><a href=\"https:\/\/heid-canada.com\/fr\/heid-services-dembrayage-et-de-frein\/\">Pi\u00e8ces de rechange<\/a><\/h3>\n<p style=\"text-align: center;\">Dans notre entrep\u00f4t, le plus important magasin de pi\u00e8ces de rechange d\u2019origine pour les embrayages et freins HEID.<\/p>\n<p>[\/vc_column_text][\/vc_column][vc_column width=\u00a0\u00bb1\/4&Prime;][vc_icon icon_fontawesome=\u00a0\u00bbfas fa-hands-helping\u00a0\u00bb color=\u00a0\u00bbblack\u00a0\u00bb background_style=\u00a0\u00bbrounded-outline\u00a0\u00bb background_color=\u00a0\u00bbblue\u00a0\u00bb size=\u00a0\u00bblg\u00a0\u00bb align=\u00a0\u00bbcenter\u00a0\u00bb][vc_column_text]<\/p>\n<h3 class=\"head\" style=\"text-align: center;\"><a href=\"https:\/\/heid-canada.com\/fr\/heid-services-dembrayage-et-de-frein\/\">Montage \u2013 Mise en service<\/a><\/h3>\n<p style=\"text-align: center;\">Si vous le d\u00e9sirez, nos experts vous aider au cours de l\u2019assemblage et l\u2019installation de nos freins ou embrayages, afin que le bon fonctionnement de votre application est garantie.<\/p>\n<p>[\/vc_column_text][\/vc_column][vc_column width=\u00a0\u00bb1\/4&Prime;][vc_icon icon_fontawesome=\u00a0\u00bbfas fa-certificate\u00a0\u00bb color=\u00a0\u00bbblack\u00a0\u00bb background_style=\u00a0\u00bbrounded-outline\u00a0\u00bb background_color=\u00a0\u00bbblue\u00a0\u00bb size=\u00a0\u00bblg\u00a0\u00bb align=\u00a0\u00bbcenter\u00a0\u00bb][vc_column_text]<\/p>\n<h3 class=\"head\" style=\"text-align: center;\"><a href=\"https:\/\/heid-canada.com\/fr\/heid-services-dembrayage-et-de-frein\/\">L\u2019essai \u2013 Certification<\/a><\/h3>\n<p style=\"text-align: center;\">L\u2019auto-d\u00e9velopp\u00e9s, banc d\u2019essai modernes dans notre atelier installation est utilis\u00e9 pour tester plusieurs produits afin de v\u00e9rifier et d\u2019\u00e9valuer tous les crit\u00e8res de qualit\u00e9.<\/p>\n<p>[\/vc_column_text][\/vc_column][\/vc_row][vc_row][vc_column][vc_btn title=\u00a0\u00bbEn savoir plus\u00a0\u00bb color=\u00a0\u00bbprimary\u00a0\u00bb size=\u00a0\u00bblg\u00a0\u00bb align=\u00a0\u00bbcenter\u00a0\u00bb link=\u00a0\u00bburl:https%3A%2F%2Fheid-canada.com%2Ffr%2Fheid-services-dembrayage-et-de-frein%2F|title:En%20savoir%20plus\u00a0\u00bb][\/vc_column][\/vc_row][vc_row full_width=\u00a0\u00bbstretch_row_content_no_spaces\u00a0\u00bb css=\u00a0\u00bb.vc_custom_1702048114480{margin-top: 100px !important;}\u00a0\u00bb][vc_column][vc_raw_html css=\u00a0\u00bb.vc_custom_1702048462976{margin-bottom: 0px !important;}\u00a0\u00bb]JTNDZGl2JTIwY2xhc3MlM0QlMjJlbmlnbWFfY2FsbG91dF9hcmVhJTIyJTIwaWQlM0QlMjJjYWxsb3V0JTIyJTNFJTBBJTA5JTNDZGl2JTIwY2xhc3MlM0QlMjJjb250YWluZXIlMjIlM0UlMEElMDklMDklM0NkaXYlMjBjbGFzcyUzRCUyMnJvdyUyMiUzRSUwQSUwOSUwOSUwOSUwOSUwOSUwOSUwOSUzQ2RpdiUyMGNsYXNzJTNEJTIyY29sLW1kLTklMjIlM0UlMEElMDklMDklMDklMDklM0NwJTNFJTBBJTA5JTA5JTA5JTA5JTA5JTA5JTA5JTA5JTA5JTA5JTNDaSUyMGNsYXNzJTNEJTIyZmElMjBmYS10aHVtYnMtdXAlMjIlM0UlM0MlMkZpJTNFJTBBJTA5JTA5JTA5JTA5JTA5QXBwZWxlei1ub3VzJTIwYXVqb3VyZCUyN2h1aSUyMSUyME5vdXMlMjB2b3VzJTIwYWlkZXJvbnMlMjAlQzMlQTAlMjB0cm91dmVyJTIwbGElMjBtZWlsbGV1cmUlMjBzb2x1dGlvbiUyMGVuJTIwdGVtcHMlMjBvcHBvcnR1biUyMSUwOSUwOSUwOSUwOSUzQyUyRnAlM0UlMEElMDklMDklMDklMDklM0MlMkZkaXYlM0UlMEElMDklMDklMDklMDklMDklMDklMDklM0NkaXYlMjBjbGFzcyUzRCUyMmNvbC1tZC0zJTIyJTNFJTBBJTA5JTA5JTA5JTA5JTA5JTNDYSUyMHRhcmdldCUzRCUyMl9zZWxmJTIyJTIwaHJlZiUzRCUyMmh0dHBzJTNBJTJGJTJGaGVpZC1jYW5hZGEuY29tJTJGZnIlMkZjb250YWN0LWhlaWQtY2FuYWRhJTJGJTIyJTIwY2xhc3MlM0QlMjJlbmlnbWFfY2FsbG91dF9idG4lMjIlM0VDT05UQUNURVotTk9VUyUzQyUyRmElM0UlMEElMDklMDklMDklMDklM0MlMkZkaXYlM0UlMEElMDklMDklMDklMDklMDklM0MlMkZkaXYlM0UlMDklMDklMEElMDklM0MlMkZkaXYlM0UlMEElMDklMEElM0MlMkZkaXYlM0U=[\/vc_raw_html][\/vc_column][\/vc_row]<\/p>\n<\/div>","protected":false},"excerpt":{"rendered":"<p>[vc_row css=\u00a0\u00bb.vc_custom_1702047989771{margin-top: 100px !important;margin-bottom: 60px !important;}\u00a0\u00bb][vc_column][vc_custom_heading text=\u00a0\u00bbHEID SERVICES D\u2019EMBRAYAGE ET DE FREIN\u00a0\u00bb font_container=\u00a0\u00bbtag:h2|text_align:center|color:%230a0a0a\u00a0\u00bb use_theme_fonts=\u00a0\u00bbyes\u00a0\u00bb][\/vc_column][\/vc_row][vc_row][vc_column width=\u00a0\u00bb1\/4&Prime;][vc_icon icon_fontawesome=\u00a0\u00bbfas fa-hammer\u00a0\u00bb color=\u00a0\u00bbblack\u00a0\u00bb background_style=\u00a0\u00bbrounded-outline\u00a0\u00bb background_color=\u00a0\u00bbblue\u00a0\u00bb size=\u00a0\u00bblg\u00a0\u00bb align=\u00a0\u00bbcenter\u00a0\u00bb][vc_column_text] Les r\u00e9parations La r\u00e9paration d\u2019un embrayage ou frein de stationnement est souvent b\u00e9n\u00e9fique, parce qu\u2019une remise en etat d\u2019embrayage ou de vitesse plus rapide et plus rentable. [\/vc_column_text][\/vc_column][vc_column width=\u00a0\u00bb1\/4&Prime;][vc_icon icon_fontawesome=\u00a0\u00bbfar fa-object-ungroup\u00a0\u00bb color=\u00a0\u00bbblack\u00a0\u00bb background_style=\u00a0\u00bbrounded-outline\u00a0\u00bb\u2026<\/p>\n","protected":false},"author":2,"featured_media":0,"parent":0,"menu_order":0,"comment_status":"closed","ping_status":"closed","template":"home-template.php","meta":{"footnotes":""},"yoast_head":"<!-- This site is optimized with the Yoast SEO plugin v21.6 - https:\/\/yoast.com\/wordpress\/plugins\/seo\/ -->\n<title>Home -<\/title>\n<meta name=\"robots\" content=\"index, follow, max-snippet:-1, max-image-preview:large, max-video-preview:-1\" \/>\n<link rel=\"canonical\" href=\"https:\/\/heid-canada.com\/fr\/\" \/>\n<meta property=\"og:locale\" content=\"fr_FR\" \/>\n<meta property=\"og:type\" content=\"article\" \/>\n<meta property=\"og:title\" content=\"Home -\" \/>\n<meta property=\"og:description\" content=\"[vc_row css=\u00a0\u00bb.vc_custom_1702047989771{margin-top: 100px !important;margin-bottom: 60px !important;}\u00a0\u00bb][vc_column][vc_custom_heading text=\u00a0\u00bbHEID SERVICES D\u2019EMBRAYAGE ET DE FREIN\u00a0\u00bb font_container=\u00a0\u00bbtag:h2|text_align:center|color:%230a0a0a\u00a0\u00bb use_theme_fonts=\u00a0\u00bbyes\u00a0\u00bb][\/vc_column][\/vc_row][vc_row][vc_column width=\u00a0\u00bb1\/4&Prime;][vc_icon icon_fontawesome=\u00a0\u00bbfas fa-hammer\u00a0\u00bb color=\u00a0\u00bbblack\u00a0\u00bb background_style=\u00a0\u00bbrounded-outline\u00a0\u00bb background_color=\u00a0\u00bbblue\u00a0\u00bb size=\u00a0\u00bblg\u00a0\u00bb align=\u00a0\u00bbcenter\u00a0\u00bb][vc_column_text] Les r\u00e9parations La r\u00e9paration d\u2019un embrayage ou frein de stationnement est souvent b\u00e9n\u00e9fique, parce qu\u2019une remise en etat d\u2019embrayage ou de vitesse plus rapide et plus rentable. [\/vc_column_text][\/vc_column][vc_column width=\u00a0\u00bb1\/4&Prime;][vc_icon icon_fontawesome=\u00a0\u00bbfar fa-object-ungroup\u00a0\u00bb color=\u00a0\u00bbblack\u00a0\u00bb background_style=\u00a0\u00bbrounded-outline\u00a0\u00bb\u2026\" \/>\n<meta property=\"og:url\" content=\"https:\/\/heid-canada.com\/fr\/\" \/>\n<meta property=\"article:modified_time\" content=\"2023-12-08T15:16:39+00:00\" \/>\n<meta name=\"twitter:card\" content=\"summary_large_image\" \/>\n<meta name=\"twitter:label1\" content=\"Dur\u00e9e de lecture estim\u00e9e\" \/>\n\t<meta name=\"twitter:data1\" content=\"1 minute\" \/>\n<script type=\"application\/ld+json\" class=\"yoast-schema-graph\">{\"@context\":\"https:\/\/schema.org\",\"@graph\":[{\"@type\":\"WebPage\",\"@id\":\"https:\/\/heid-canada.com\/fr\/\",\"url\":\"https:\/\/heid-canada.com\/fr\/\",\"name\":\"Home -\",\"isPartOf\":{\"@id\":\"https:\/\/heid-canada.com\/fr\/#website\"},\"datePublished\":\"2023-12-08T13:58:26+00:00\",\"dateModified\":\"2023-12-08T15:16:39+00:00\",\"breadcrumb\":{\"@id\":\"https:\/\/heid-canada.com\/fr\/#breadcrumb\"},\"inLanguage\":\"fr-FR\",\"potentialAction\":[{\"@type\":\"ReadAction\",\"target\":[\"https:\/\/heid-canada.com\/fr\/\"]}]},{\"@type\":\"BreadcrumbList\",\"@id\":\"https:\/\/heid-canada.com\/fr\/#breadcrumb\",\"itemListElement\":[{\"@type\":\"ListItem\",\"position\":1,\"name\":\"Home\",\"item\":\"https:\/\/heid-canada.com\/fr\/\"},{\"@type\":\"ListItem\",\"position\":2,\"name\":\"Home\"}]},{\"@type\":\"WebSite\",\"@id\":\"https:\/\/heid-canada.com\/fr\/#website\",\"url\":\"https:\/\/heid-canada.com\/fr\/\",\"name\":\"\",\"description\":\"Heid Canada - Embrayages et freins d'ing\u00e9nierie\",\"potentialAction\":[{\"@type\":\"SearchAction\",\"target\":{\"@type\":\"EntryPoint\",\"urlTemplate\":\"https:\/\/heid-canada.com\/fr\/?s={search_term_string}\"},\"query-input\":\"required name=search_term_string\"}],\"inLanguage\":\"fr-FR\"}]}<\/script>\n<!-- \/ Yoast SEO plugin. -->","yoast_head_json":{"title":"Home -","robots":{"index":"index","follow":"follow","max-snippet":"max-snippet:-1","max-image-preview":"max-image-preview:large","max-video-preview":"max-video-preview:-1"},"canonical":"https:\/\/heid-canada.com\/fr\/","og_locale":"fr_FR","og_type":"article","og_title":"Home -","og_description":"[vc_row css=\u00a0\u00bb.vc_custom_1702047989771{margin-top: 100px !important;margin-bottom: 60px !important;}\u00a0\u00bb][vc_column][vc_custom_heading text=\u00a0\u00bbHEID SERVICES D\u2019EMBRAYAGE ET DE FREIN\u00a0\u00bb font_container=\u00a0\u00bbtag:h2|text_align:center|color:%230a0a0a\u00a0\u00bb use_theme_fonts=\u00a0\u00bbyes\u00a0\u00bb][\/vc_column][\/vc_row][vc_row][vc_column width=\u00a0\u00bb1\/4&Prime;][vc_icon icon_fontawesome=\u00a0\u00bbfas fa-hammer\u00a0\u00bb color=\u00a0\u00bbblack\u00a0\u00bb background_style=\u00a0\u00bbrounded-outline\u00a0\u00bb background_color=\u00a0\u00bbblue\u00a0\u00bb size=\u00a0\u00bblg\u00a0\u00bb align=\u00a0\u00bbcenter\u00a0\u00bb][vc_column_text] Les r\u00e9parations La r\u00e9paration d\u2019un embrayage ou frein de stationnement est souvent b\u00e9n\u00e9fique, parce qu\u2019une remise en etat d\u2019embrayage ou de vitesse plus rapide et plus rentable. [\/vc_column_text][\/vc_column][vc_column width=\u00a0\u00bb1\/4&Prime;][vc_icon icon_fontawesome=\u00a0\u00bbfar fa-object-ungroup\u00a0\u00bb color=\u00a0\u00bbblack\u00a0\u00bb background_style=\u00a0\u00bbrounded-outline\u00a0\u00bb\u2026","og_url":"https:\/\/heid-canada.com\/fr\/","article_modified_time":"2023-12-08T15:16:39+00:00","twitter_card":"summary_large_image","twitter_misc":{"Dur\u00e9e de lecture estim\u00e9e":"1 minute"},"schema":{"@context":"https:\/\/schema.org","@graph":[{"@type":"WebPage","@id":"https:\/\/heid-canada.com\/fr\/","url":"https:\/\/heid-canada.com\/fr\/","name":"Home -","isPartOf":{"@id":"https:\/\/heid-canada.com\/fr\/#website"},"datePublished":"2023-12-08T13:58:26+00:00","dateModified":"2023-12-08T15:16:39+00:00","breadcrumb":{"@id":"https:\/\/heid-canada.com\/fr\/#breadcrumb"},"inLanguage":"fr-FR","potentialAction":[{"@type":"ReadAction","target":["https:\/\/heid-canada.com\/fr\/"]}]},{"@type":"BreadcrumbList","@id":"https:\/\/heid-canada.com\/fr\/#breadcrumb","itemListElement":[{"@type":"ListItem","position":1,"name":"Home","item":"https:\/\/heid-canada.com\/fr\/"},{"@type":"ListItem","position":2,"name":"Home"}]},{"@type":"WebSite","@id":"https:\/\/heid-canada.com\/fr\/#website","url":"https:\/\/heid-canada.com\/fr\/","name":"","description":"Heid Canada - Embrayages et freins d'ing\u00e9nierie","potentialAction":[{"@type":"SearchAction","target":{"@type":"EntryPoint","urlTemplate":"https:\/\/heid-canada.com\/fr\/?s={search_term_string}"},"query-input":"required name=search_term_string"}],"inLanguage":"fr-FR"}]}},"_links":{"self":[{"href":"https:\/\/heid-canada.com\/fr\/wp-json\/wp\/v2\/pages\/801"}],"collection":[{"href":"https:\/\/heid-canada.com\/fr\/wp-json\/wp\/v2\/pages"}],"about":[{"href":"https:\/\/heid-canada.com\/fr\/wp-json\/wp\/v2\/types\/page"}],"author":[{"embeddable":true,"href":"https:\/\/heid-canada.com\/fr\/wp-json\/wp\/v2\/users\/2"}],"replies":[{"embeddable":true,"href":"https:\/\/heid-canada.com\/fr\/wp-json\/wp\/v2\/comments?post=801"}],"version-history":[{"count":5,"href":"https:\/\/heid-canada.com\/fr\/wp-json\/wp\/v2\/pages\/801\/revisions"}],"predecessor-version":[{"id":825,"href":"https:\/\/heid-canada.com\/fr\/wp-json\/wp\/v2\/pages\/801\/revisions\/825"}],"wp:attachment":[{"href":"https:\/\/heid-canada.com\/fr\/wp-json\/wp\/v2\/media?parent=801"}],"curies":[{"name":"wp","href":"https:\/\/api.w.org\/{rel}","templated":true}]}}